{"id":201,"date":"2023-05-29T04:37:57","date_gmt":"2023-05-29T04:37:57","guid":{"rendered":"https:\/\/tplinksg.com\/?post_type=product&#038;p=201"},"modified":"2025-09-05T09:06:42","modified_gmt":"2025-09-05T01:06:42","slug":"tp-link-tl-er7206-ss-gbit-multi-wan-vpn-router-er7206","status":"publish","type":"product","link":"https:\/\/tplinksg.com\/index.php\/product\/tp-link-tl-er7206-ss-gbit-multi-wan-vpn-router-er7206\/","title":{"rendered":"TP-Link TL ER7206 SS GBIT MULTI WAN VPN ROUTER | ER7206"},"content":{"rendered":"<div class=\"a\">\n<div class=\"w1366\">\n<div class=\"text\">\n<p class=\"omada\">\u00a0Centralized Management<\/p>\n<h2>A Professional, Secure, and Reliable Gateway with Centralized Management Capability<\/h2>\n<p>Omada Gigabit VPN Router<\/p>\n<p class=\"model\">ER7206<\/p>\n<\/div>\n<\/div>\n<\/div>\n<div class=\"b\">\n<div class=\"w1200\">\n<ul>\n<li><i class=\"icon icon-cloud\">\u00a0<\/i>Centralized Management<\/li>\n<li><i class=\"icon icon-ports\">\u00a0<\/i>Gigabit Ports<\/li>\n<li><i class=\"icon icon-wan\">\u00a0<\/i>Up to 4 WAN Ports<\/li>\n<li><i class=\"icon icon-load\">\u00a0<\/i>Load Balance<\/li>\n<li><i class=\"icon icon-vpn\">\u00a0<\/i>IPSec\/OpenVPN\/ PPTP\/L2TP<\/li>\n<li><i class=\"icon icon-vlan\">\u00a0<\/i>Multi-Net<br \/>\nDHCP<\/li>\n<li><i class=\"icon icon-firewall\">\u00a0<\/i>Powerful Firewall<\/li>\n<li><i class=\"icon icon-app\">\u00a0<\/i>Omada App<\/li>\n<\/ul>\n<\/div>\n<\/div>\n<div class=\"c\">\n<div class=\"w1440\">\n<div class=\"text\">\n<h2>Omada SDN\u2014The Smarter Cloud Solution for Business Networking<\/h2>\n<p>As the gateway that seamlessly integrates into the Omada Software Defined Networking (SDN) platform, ER7206 allows for remote and centralized management, anywhere, anytime. Standalone management via the Web UI or app is also available to maximize convenience.<\/p>\n<\/div>\n<div class=\"img\">\n<div class=\"desc desc1\">\n<p>WiFi 6 AP for High-Density Environments<\/p>\n<\/div>\n<div class=\"desc desc2\">Wall Plate AP<\/div>\n<div class=\"desc desc3\">Outdoor AP<\/div>\n<div class=\"desc desc4\">Ceiling Mount AP<\/div>\n<div class=\"desc desc5\">JetStream PoE Switches<\/div>\n<div class=\"desc desc6\">Omada VPN Router ER7206<\/div>\n<div class=\"desc desc7\">Cloud Access<\/div>\n<div class=\"desc desc8\">Omada<br \/>\nCloud-Based Controller<\/div>\n<\/div>\n<div class=\"sub-text\">\n<h4>Hassle-Free Centralized Cloud Management:<\/h4>\n<p>100% centralized cloud management of whole network from different sites\u2014all controlled from a single interface anywhere, anytime.<\/p>\n<\/div>\n<\/div>\n<\/div>\n<div class=\"d\">\n<div class=\"text\">\n<h2>Up to Four WAN Gigabit Ports to Optimize Bandwidth Usage<\/h2>\n<p>One gigabit SFP WAN port, one gigabit RJ45 WAN port, and two freely interchangeable WAN\/LAN ports allow the router to support up to four WAN ports to satisfy various internet access requirements through one device. The multi-WAN Load Balancing function distributes data streams according to the bandwidth proportion of every WAN port to raise the utilization rate of multi-line broadband.<\/p>\n<\/div>\n<div class=\"img\"><span class=\"desc desc1\">1\u00d7 Gigabit SFP WAN Port<\/span><span class=\"desc desc2\">1\u00d7 Gigabit RJ45 WAN Port<\/span><span class=\"desc desc3\">2\u00d7 Gigabit RJ45 WAN\/LAN Ports<\/span><span class=\"desc desc4\">2\u00d7 Gigabit RJ45 LAN Ports<\/span><span class=\"desc desc5\">Reset<\/span><\/div>\n<\/div>\n<div class=\"e\">\n<div class=\"text\">\n<h2>Highly Secure VPN<\/h2>\n<p>ER7206 supports IPSec\/PPTP\/L2TP VPN over IPSec\/SSL protocols. With a powerful hardware design, the router supports and manages up to 100\u00d7 LAN-to-LAN IPSec, 50\u00d7 OpenVPN*, 50\u00d7 L2TP, and 50\u00d7 PPTP VPN connections. One-click auto IPSec VPN* greatly simplifies VPN configuration and facilitates network management and deployment while also securing and encrypting private site-to-site data communications traveling over the internet.<\/p>\n<\/div>\n<div class=\"img\"><span class=\"desc desc1\">Headquarters<\/span><span class=\"desc desc3\">Omada Controller<\/span><span class=\"desc desc4\">IPSec VPN<\/span><span class=\"desc desc5\">Subsidiary<\/span><\/div>\n<\/div>\n<div class=\"f\">\n<div class=\"text\">\n<h2>Abundant Security Features<\/h2>\n<\/div>\n<div class=\"img\">\n<div class=\"desc desc1\">\n<h3>Powerful Firewall<\/h3>\n<p>Advanced firewall policies<br class=\"m-hide\" \/>protect your network and data.<\/p>\n<\/div>\n<div class=\"desc desc2\">\n<h3>Convenient VLAN Support<\/h3>\n<p>Create virtual network segments for<br class=\"m-hide\" \/>enhanced security and simplified<br class=\"m-hide\" \/>network management.<\/p>\n<\/div>\n<div class=\"desc desc3\">\n<h3>DoS Defense<\/h3>\n<p>Automatically detects and blocks Denial of Service<br class=\"m-hide\" \/>(DoS) attacks such as TCP\/UDP\/ICMP Flooding, Ping<br class=\"m-hide\" \/>of Death, and other related threats.<\/p>\n<\/div>\n<div class=\"desc desc4\">\n<h3>IP\/MAC\/URL Filtering<\/h3>\n<p>Forcefully prevent viruses and attacks<br class=\"m-hide\" \/>from intruders.<\/p>\n<\/div>\n<div class=\"desc desc5\">\n<h3>IP-MAC Binding<\/h3>\n<p>Reserves static IP assignment for<br class=\"m-hide\" \/>clients to defend against ARP<br class=\"m-hide\" \/>attacks and spoofing.<\/p>\n<\/div>\n<div class=\"desc desc6\">\n<h3>One-Click ALG Activation<\/h3>\n<p>One-Click ALG Activation for<br class=\"m-hide\" \/>applications such as FTP, H323, SIP,<br class=\"m-hide\" \/>IPsec and PPTP.<\/p>\n<\/div>\n<\/div>\n<\/div>\n<div class=\"g\">\n<div class=\"w1366\">\n<div class=\"text\">\n<h2>Internet Access Management Strategy<\/h2>\n<p>Standardize users\u2019 online behavior and easily specify the internet access rights and strategies of employee via IP\/MAC\/URL Filtering and Access Control List (ACL). Captive Portal authentication facilitates network resource control by capturing, authenticating, and classifying user access. Appropriate network resources can also be allocated for particular users or guests.<\/p>\n<\/div>\n<\/div>\n<\/div>\n<div id=\"omada-app\">\n<div class=\"omada-wrap\">\n<div class=\"text\">\n<h2 class=\"m-regular\">Easy Management with the Omada App<\/h2>\n<p class=\"desc\">Follow configuration instructions on the free Omada app to get set up in minutes. Omada lets you configure settings, monitor the network status and manage clients, all from the convenience of a smart phone or tablet.<\/p>\n<p class=\"link\"><strong>Specification<\/strong>;<\/p>\n<\/div>\n<\/div>\n<table>\n<thead>\n<tr id=\"tr_603\">\n<th colspan=\"2\"><a>HARDWARE FEATURES<\/a><\/th>\n<\/tr>\n<\/thead>\n<tbody>\n<tr id=\"tr_1079\">\n<th width=\"35%\">Standards and Protocols<\/th>\n<td width=\"65%\">\u2022 IEEE 802.3, IEEE802.3u, IEEE802.3ab, IEEE 802.3z, IEEE 802.3x, IEEE 802.1q<br \/>\n\u2022 TCP\/IP, DHCP, ICMP, NAT, PPPoE, NTP, HTTP, HTTPS, DNS, IPSec, PPTP, L2TP, OpenVPN, SNMP<\/td>\n<\/tr>\n<tr id=\"tr_694\">\n<th width=\"35%\">Interface<\/th>\n<td width=\"65%\">\u2022 1 Fixed Gigabit SFP WAN Port<br \/>\n\u2022 1 Fixed Gigabit RJ45 WAN Port<br \/>\n\u2022 2 Fixed Gigabit RJ45 LAN Ports<br \/>\n\u2022 2 Changeable Gigabit RJ45 WAN\/LAN Ports<\/td>\n<\/tr>\n<tr id=\"tr_1097\">\n<th width=\"35%\">Network Media<\/th>\n<td width=\"65%\">\u2022 10BASE-T: UTP category 3, 4, 5 cable (Max 100m)<br \/>\nEIA\/TIA-568 100\u03a9 STP (Max 100m)<br \/>\n\u2022 100BASE-TX: UTP category 5, 5e cable (Max 100m)<br \/>\nEIA\/TIA-568 100\u03a9 STP (Max 100m)<br \/>\n\u2022 1000BASE-T: UTP category 5, 5e, 6 cable (Max 100m)<\/td>\n<\/tr>\n<tr id=\"tr_2336\">\n<th width=\"35%\">Fan Quantity<\/th>\n<td width=\"65%\">Fanless<\/td>\n<\/tr>\n<tr id=\"tr_695\">\n<th width=\"35%\">Button<\/th>\n<td width=\"65%\">Reset Button<\/td>\n<\/tr>\n<tr id=\"tr_1111\">\n<th width=\"35%\">Power Supply<\/th>\n<td width=\"65%\">100\u2013240 V~50\/60 Hz<\/td>\n<\/tr>\n<tr id=\"tr_5730\">\n<th width=\"35%\">PoE Budget<\/th>\n<td width=\"65%\">&#8211;<\/td>\n<\/tr>\n<tr id=\"tr_1604\">\n<th width=\"35%\">Flash<\/th>\n<td width=\"65%\">SPI 4MB + NAND 128MB<\/td>\n<\/tr>\n<tr id=\"tr_1605\">\n<th width=\"35%\">DRAM<\/th>\n<td width=\"65%\">512MB<\/td>\n<\/tr>\n<tr id=\"tr_1107\">\n<th width=\"35%\">LED<\/th>\n<td width=\"65%\">PWR, SYS, SFP WAN, WAN (Speed, Link\/Act), LAN (Speed, Link\/Act)<\/td>\n<\/tr>\n<tr id=\"tr_697\">\n<th width=\"35%\">Dimensions ( W x D x H )<\/th>\n<td width=\"65%\">8.9 \u00d7 5.2 \u00d7 1.4 in (226 \u00d7 131 \u00d7 35 mm)<\/td>\n<\/tr>\n<tr id=\"tr_1051\">\n<th width=\"35%\">Protection<\/th>\n<td width=\"65%\">4 kV surge protection<\/td>\n<\/tr>\n<tr id=\"tr_3891\">\n<th width=\"35%\">Enclosure<\/th>\n<td width=\"65%\">Steel<\/td>\n<\/tr>\n<tr id=\"tr_4029\">\n<th width=\"35%\">Mounting<\/th>\n<td width=\"65%\">Desktop<\/td>\n<\/tr>\n<tr id=\"tr_5530\">\n<th width=\"35%\">Max Power Consumption<\/th>\n<td width=\"65%\">8.95W<\/td>\n<\/tr>\n<\/tbody>\n<\/table>\n<table>\n<thead>\n<tr id=\"tr_1487\">\n<th colspan=\"2\"><a>PERFORMANCE<\/a><\/th>\n<\/tr>\n<\/thead>\n<tbody>\n<tr id=\"tr_1606\">\n<th width=\"35%\">Concurrent Session<\/th>\n<td width=\"65%\">150,000<\/td>\n<\/tr>\n<tr id=\"tr_6056\">\n<th width=\"35%\">New Sessions \/Second<\/th>\n<td width=\"65%\">5,500<\/td>\n<\/tr>\n<tr id=\"tr_6063\">\n<th width=\"35%\">NAT (Static IP)<\/th>\n<td width=\"65%\">940.3 Mbps \/ 940.2 Mbps<\/td>\n<\/tr>\n<tr id=\"tr_5860\">\n<th width=\"35%\">NAT(DHCP)<\/th>\n<td width=\"65%\">940.3 Mbps \/ 940.4 Mbps<\/td>\n<\/tr>\n<tr id=\"tr_5861\">\n<th width=\"35%\">NAT(PPPoE)<\/th>\n<td width=\"65%\">939.7 Mbps \/ 937.9 Mbps<\/td>\n<\/tr>\n<tr id=\"tr_6060\">\n<th width=\"35%\">NAT (L2TP)<\/th>\n<td width=\"65%\">918.0 Mbps \/ 917.9 Mbps<\/td>\n<\/tr>\n<tr id=\"tr_6061\">\n<th width=\"35%\">NAT (PPTP)<\/th>\n<td width=\"65%\">918.9 Mbps \/ 914.7 Mbps<\/td>\n<\/tr>\n<tr id=\"tr_6062\">\n<th width=\"35%\">64 Byte Packet Forwarding Rate<\/th>\n<td width=\"65%\">&#8211;<\/td>\n<\/tr>\n<tr id=\"tr_5772\">\n<th width=\"35%\">IPsec VPN Throughput (AES256)<\/th>\n<td width=\"65%\">291.6 Mbps<\/td>\n<\/tr>\n<tr id=\"tr_1986\">\n<th width=\"35%\">IPsec VPN Throughput<\/th>\n<td width=\"65%\">291.6 Mbps<\/td>\n<\/tr>\n<tr id=\"tr_6057\">\n<th width=\"35%\">OpenVPN<\/th>\n<td width=\"65%\">34.2 Mbps<\/td>\n<\/tr>\n<tr id=\"tr_6058\">\n<th width=\"35%\">L2TP VPN Throughput<\/th>\n<td width=\"65%\">Unencrypted: 1360.3 Mbps<br \/>\nEncrypted: 202.3 Mbps<\/td>\n<\/tr>\n<tr id=\"tr_6059\">\n<th width=\"35%\">PPTP VPN Throughput<\/th>\n<td width=\"65%\">Unencrypted: 1379.3 Mbps<br \/>\nEncrypted: 115.6 Mbps<\/td>\n<\/tr>\n<tr id=\"tr_6084\">\n<th width=\"35%\">SSL VPN Throughput<\/th>\n<td width=\"65%\">&#8211;<\/td>\n<\/tr>\n<tr id=\"tr_6107\">\n<th width=\"35%\">66 Byte Packet forwarding rate<\/th>\n<td width=\"65%\">486,918 pps \/ 488,372 pps<\/td>\n<\/tr>\n<tr id=\"tr_6108\">\n<th width=\"35%\">1,518 Byte Packet forwarding rate<\/th>\n<td width=\"65%\">81,274 pps \/ 81,274 pps<\/td>\n<\/tr>\n<\/tbody>\n<\/table>\n<table>\n<thead>\n<tr id=\"tr_1610\">\n<th colspan=\"2\"><a>BASIC FUNCTIONS<\/a><\/th>\n<\/tr>\n<\/thead>\n<tbody>\n<tr id=\"tr_1615\">\n<th width=\"35%\">WAN Connection Type<\/th>\n<td width=\"65%\">\u2022 Static\/Dynamic IP<br \/>\n\u2022 PPPoE<br \/>\n\u2022 PPTP<br \/>\n\u2022 L2TP<\/td>\n<\/tr>\n<tr id=\"tr_1616\">\n<th width=\"35%\">MAC Clone<\/th>\n<td width=\"65%\">Modify WAN\/LAN MAC Address<sup>\u2020<\/sup><\/td>\n<\/tr>\n<tr id=\"tr_1617\">\n<th width=\"35%\">DHCP<\/th>\n<td width=\"65%\">\u2022 DHCP Server<br \/>\n\u2022 DHCP Address Reservation<br \/>\n\u2022 Multi-IP Interfaces*<br \/>\n\u2022 Multi-Net DHCP*<\/td>\n<\/tr>\n<tr id=\"tr_5715\">\n<th width=\"35%\">IPv6<\/th>\n<td width=\"65%\">Yes<\/td>\n<\/tr>\n<tr id=\"tr_5716\">\n<th width=\"35%\">VLAN<\/th>\n<td width=\"65%\">802.1Q VLAN<\/td>\n<\/tr>\n<tr id=\"tr_4070\">\n<th width=\"35%\">IPTV<\/th>\n<td width=\"65%\">IGMP v2\/v3 Proxy<\/td>\n<\/tr>\n<\/tbody>\n<\/table>\n<table>\n<thead>\n<tr id=\"tr_1611\">\n<th colspan=\"2\"><a>ADVANCED FUNCTIONS<\/a><\/th>\n<\/tr>\n<\/thead>\n<tbody>\n<tr id=\"tr_1972\">\n<th width=\"35%\">ACL<\/th>\n<td width=\"65%\">IP\/Port\/Protocol\/Domain Name Filtering<\/td>\n<\/tr>\n<tr id=\"tr_1973\">\n<th width=\"35%\">Advanced Routing<\/th>\n<td width=\"65%\">\u2022 Static Routing<br \/>\n\u2022 Policy Routing<\/td>\n<\/tr>\n<tr id=\"tr_1974\">\n<th width=\"35%\">Bandwidth Control<\/th>\n<td width=\"65%\">\u2022 IP\/Port-based Bandwidth Control<br \/>\n\u2022 Guarantee &amp; Limited Bandwidth<\/td>\n<\/tr>\n<tr id=\"tr_1623\">\n<th width=\"35%\">Load Balance<\/th>\n<td width=\"65%\">\u2022 Intelligent Load Balance<br \/>\n\u2022 Application Optimized Routing<br \/>\n\u2022 Link Backup (Timing<sup>\u00a7<\/sup>, Failover)<br \/>\n\u2022 Online Detection<\/td>\n<\/tr>\n<tr id=\"tr_1621\">\n<th width=\"35%\">NAT<\/th>\n<td width=\"65%\">\u2022 One-to-One NAT<sup>\u00a7<\/sup><br \/>\n\u2022 Multi-Net NAT<br \/>\n\u2022 Virtual Server<br \/>\n\u2022 Port Triggering<sup>\u00a7<\/sup><br \/>\n\u2022 NAT-DMZ<br \/>\n\u2022 FTP\/H.323\/SIP\/IPSec\/PPTP ALG, UPnP<\/td>\n<\/tr>\n<tr id=\"tr_1971\">\n<th width=\"35%\">Security<\/th>\n<td width=\"65%\">\u2022 SPI Firewall<br \/>\n\u2022 VPN Passthrough<br \/>\n\u2022 FTP\/H.323\/PPTP\/SIP\/IPsec ALG<br \/>\n\u2022 DoS Defence, Ping of Death<br \/>\n\u2022 Local Management<\/td>\n<\/tr>\n<tr id=\"tr_5718\">\n<th width=\"35%\">Session Limit<\/th>\n<td width=\"65%\">IP-based Session Limit<\/td>\n<\/tr>\n<\/tbody>\n<\/table>\n<table>\n<thead>\n<tr id=\"tr_1459\">\n<th colspan=\"2\"><a>VPN<\/a><\/th>\n<\/tr>\n<\/thead>\n<tbody>\n<tr id=\"tr_6083\">\n<th width=\"35%\">SSL VPN<\/th>\n<td width=\"65%\">&#8211;<\/td>\n<\/tr>\n<tr id=\"tr_1642\">\n<th width=\"35%\">IPsec VPN<\/th>\n<td width=\"65%\">\u2022 100 IPSec VPN Tunnels<br \/>\n\u2022 LAN-to-LAN, Client-to-LAN<br \/>\n\u2022 Main, Aggressive Negotiation Mode<br \/>\n\u2022 DES, 3DES, AES128, AES192, AES256 Encryption Algorithm<br \/>\n\u2022 IKEv1\/v2<br \/>\n\u2022 MD5, SHA1 Authentication Algorithm<br \/>\n\u2022 NAT Traversal (NAT-T)<br \/>\n\u2022 Dead Peer Detection (DPD)<br \/>\n\u2022 Perfect Forward Secrecy (PFS)<\/td>\n<\/tr>\n<tr id=\"tr_1643\">\n<th width=\"35%\">PPTP VPN<\/th>\n<td width=\"65%\">\u2022 PPTP VPN Server<br \/>\n\u2022 10 PPTP VPN Clients<sup>\u25b3<\/sup><br \/>\n\u2022 50 Tunnels<br \/>\n\u2022 PPTP with MPPE Encryption<\/td>\n<\/tr>\n<tr id=\"tr_1644\">\n<th width=\"35%\">L2TP VPN<\/th>\n<td width=\"65%\">\u2022 L2TP VPN Server<br \/>\n\u2022 10 L2TP VPN Clients<sup>\u25b3<\/sup><br \/>\n\u2022 50 Tunnels<br \/>\n\u2022 L2TP over IPSec<\/td>\n<\/tr>\n<tr id=\"tr_5982\">\n<th width=\"35%\">OpenVPN<\/th>\n<td width=\"65%\">\u2022 OpenVPN Server*<br \/>\n\u2022 10 OpenVPN Clients*<sup>\u25b3<\/sup><br \/>\n\u2022 50 OpenVPN Tunnels*<\/td>\n<\/tr>\n<\/tbody>\n<\/table>\n<table>\n<thead>\n<tr id=\"tr_1625\">\n<th colspan=\"2\"><a>SECURITY<\/a><\/th>\n<\/tr>\n<\/thead>\n<tbody>\n<tr id=\"tr_1636\">\n<th width=\"35%\">Filtering<\/th>\n<td width=\"65%\">WEB Group Filtering<sup>\u00a7<\/sup><br \/>\nURL Filtering<br \/>\nWeb Security<sup>\u00a7<\/sup><\/td>\n<\/tr>\n<tr id=\"tr_1637\">\n<th width=\"35%\">ARP Inspection<\/th>\n<td width=\"65%\">\u2022 Sending GARP Packets<sup>\u00a7<\/sup><br \/>\n\u2022 ARP Scanning<sup>\u00a7<\/sup><br \/>\n\u2022 IP-MAC Binding<sup>\u00a7<\/sup><\/td>\n<\/tr>\n<tr id=\"tr_1638\">\n<th width=\"35%\">Attack Defense<\/th>\n<td width=\"65%\">\u2022 TCP\/UDP\/ICMP Flood Defense<br \/>\n\u2022 Block TCP Scan (Stealth FIN\/Xmas\/Null)<br \/>\n\u2022 Block Ping from WAN<\/td>\n<\/tr>\n<tr id=\"tr_5717\">\n<th width=\"35%\">Access Control<\/th>\n<td width=\"65%\">Source\/Destination IP Based Access Control<\/td>\n<\/tr>\n<\/tbody>\n<\/table>\n<table>\n<thead>\n<tr id=\"tr_5719\">\n<th colspan=\"2\"><a>AUTHENTICATION<\/a><\/th>\n<\/tr>\n<\/thead>\n<tbody>\n<tr id=\"tr_5720\">\n<th width=\"35%\">Web Authentication<\/th>\n<td width=\"65%\">\u2022 No Authentication<br \/>\n\u2022 Simple Password*<br \/>\n\u2022 Hotspot\uff08Local User \/ Voucher* \/ SMS* \/ Radius*\uff09<br \/>\n\u2022 External Radius Sever<br \/>\n\u2022 External Portal Sever*<br \/>\n\u2022 Facebook*<\/td>\n<\/tr>\n<\/tbody>\n<\/table>\n<table>\n<thead>\n<tr id=\"tr_1626\">\n<th colspan=\"2\"><a>MANAGEMENT<\/a><\/th>\n<\/tr>\n<\/thead>\n<tbody>\n<tr id=\"tr_5862\">\n<th width=\"35%\">Omada App<\/th>\n<td width=\"65%\">Yes<\/td>\n<\/tr>\n<tr id=\"tr_5842\">\n<th width=\"35%\">Centralized Management<\/th>\n<td width=\"65%\">\u2022 Omada Cloud-Based Controller<br \/>\n\u2022 Omada Hardware Controller (OC300)<br \/>\n\u2022 Omada Hardware Controller (OC200)<br \/>\n\u2022 Omada Software Controller<\/td>\n<\/tr>\n<tr id=\"tr_5844\">\n<th width=\"35%\">Cloud Access<\/th>\n<td width=\"65%\">Yes (Through OC300, OC200, Omada Cloud-Based Controller, or Omada Software Controller)<\/td>\n<\/tr>\n<tr id=\"tr_1639\">\n<th width=\"35%\">Service<\/th>\n<td width=\"65%\">Dynamic DNS (Dyndns, No-IP, Peanuthull, Comexe)<\/td>\n<\/tr>\n<tr id=\"tr_1640\">\n<th width=\"35%\">Maintenance<\/th>\n<td width=\"65%\">\u2022 Web Management Interface<br \/>\n\u2022 Remote Management<br \/>\n\u2022 Export &amp; Import Configuration<br \/>\n\u2022 SNMP v1\/v2c\/v3*<br \/>\n\u2022 Diagnostics (Ping &amp; Traceroute)<sup>\u00a7<\/sup><br \/>\n\u2022 NTP Synchronize<sup>\u00a7<\/sup><br \/>\n\u2022 Syslog Support<\/td>\n<\/tr>\n<tr id=\"tr_5975\">\n<th width=\"35%\">Zero-Touch Provisioning<\/th>\n<td width=\"65%\">Yes. Requiring the use of Omada Cloud-Based Controller.<\/td>\n<\/tr>\n<tr id=\"tr_5974\">\n<th width=\"35%\">Management Features<\/th>\n<td width=\"65%\">\u2022 Automatic Device Discovery<br \/>\n\u2022 Intelligent Network Monitoring<br \/>\n\u2022 Abnormal Event Warnings<br \/>\n\u2022 Unified Configuration<br \/>\n\u2022 Reboot Schedule<br \/>\n\u2022 Captive Portal Configuration<br \/>\n\u2022 ZTP (Zero-Touch Provisioning)**<\/td>\n<\/tr>\n<\/tbody>\n<\/table>\n<table>\n<thead>\n<tr id=\"tr_606\">\n<th colspan=\"2\"><a>OTHERS<\/a><\/th>\n<\/tr>\n<\/thead>\n<tbody>\n<tr id=\"tr_714\">\n<th width=\"35%\">Certification<\/th>\n<td width=\"65%\">CE, FCC, RoHS<\/td>\n<\/tr>\n<tr id=\"tr_715\">\n<th width=\"35%\">Package Contents<\/th>\n<td width=\"65%\">\u2022 ER7206<br \/>\n\u2022 Power Cord<br \/>\n\u2022 Quick Installation Guide<\/td>\n<\/tr>\n<tr id=\"tr_716\">\n<th width=\"35%\">System Requirements<\/th>\n<td width=\"65%\">Microsoft Windows 98SE, NT, 2000, XP, Vista\u2122 or Windows 7\/8\/8.1\/10, MAC OS, NetWare, UNIX or Linux<\/td>\n<\/tr>\n<tr id=\"tr_717\">\n<th width=\"35%\">Environment<\/th>\n<td width=\"65%\">\u2022 Operating Temperature: 0\u201340 \u2103 (32\u2013104 \u2109);<br \/>\n\u2022 Storage Temperature: -40\u201370 \u2103 (-40\u2013158 \u2109)<br \/>\n\u2022 Operating Humidity: 10\u201390% RH non-condensing<br \/>\n\u2022 Storage Humidity: 5\u201390% RH non-condensing<\/td>\n<\/tr>\n<\/tbody>\n<\/table>\n<\/div>\n","protected":false},"excerpt":{"rendered":"<div class=\"box title\">\n<div>\n<h2 class=\"product-name\">ER7206 (TL-ER7206)<\/h2>\n<\/div>\n<h1>Omada Gigabit VPN Router<\/h1>\n<\/div>\n<div class=\"box highlights\">\n<ul>\n<li><strong>Integrated into Omada SDN<\/strong>: Zero-Touch Provisioning (ZTP)<sup>**<\/sup>, Centralized Cloud Management, and Intelligent Monitoring.<\/li>\n<li><strong>Centralized Management<\/strong>: Cloud access and Omada app for ultra convenience and easy management.<\/li>\n<li><strong>Gigabit Ports<\/strong>: 1 gigabit SFP and 5 gigabit RJ45 ports provide high-speed wired connectivity.<\/li>\n<li><strong>Up to 4 WAN Ports<\/strong>: 1 gigabit SFP WAN port, 1 gigabit RJ45 WAN port,\u00a02 gigabit WAN\/LAN ports optimize bandwidth usage.<\/li>\n<li><strong>Highly Secure VPN<\/strong>: Supports\u00a0up to 100\u00d7 LAN-to-LAN IPsec, 50\u00d7 OpenVPN<sup>*<\/sup>, 50\u00d7 L2TP, and 50\u00d7 PPTP VPN connections.<\/li>\n<li><strong>Abundant Security Features<\/strong>: Advanced firewall policies, DoS defense,IP\/MAC\/URL filtering, and more security functions protect your\u00a0network and data<\/li>\n<\/ul>\n<\/div>\n","protected":false},"featured_media":2117,"template":"","meta":[],"product_brand":[],"product_cat":[18],"product_tag":[],"class_list":{"0":"post-201","1":"product","2":"type-product","3":"status-publish","4":"has-post-thumbnail","6":"product_cat-wi-fi-routers","7":"thunk-woo-product-list","8":"opn-qv-enable","9":"top-store-woo-hover-none","10":"top-store-single-product-tab-horizontal","11":"top-store-shadow-","12":"top-store-shadow-hover-","14":"first","15":"outofstock","16":"taxable","17":"shipping-taxable","18":"purchasable","19":"product-type-simple"},"_links":{"self":[{"href":"https:\/\/tplinksg.com\/index.php\/wp-json\/wp\/v2\/product\/201","targetHints":{"allow":["GET"]}}],"collection":[{"href":"https:\/\/tplinksg.com\/index.php\/wp-json\/wp\/v2\/product"}],"about":[{"href":"https:\/\/tplinksg.com\/index.php\/wp-json\/wp\/v2\/types\/product"}],"wp:featuredmedia":[{"embeddable":true,"href":"https:\/\/tplinksg.com\/index.php\/wp-json\/wp\/v2\/media\/2117"}],"wp:attachment":[{"href":"https:\/\/tplinksg.com\/index.php\/wp-json\/wp\/v2\/media?parent=201"}],"wp:term":[{"taxonomy":"product_brand","embeddable":true,"href":"https:\/\/tplinksg.com\/index.php\/wp-json\/wp\/v2\/product_brand?post=201"},{"taxonomy":"product_cat","embeddable":true,"href":"https:\/\/tplinksg.com\/index.php\/wp-json\/wp\/v2\/product_cat?post=201"},{"taxonomy":"product_tag","embeddable":true,"href":"https:\/\/tplinksg.com\/index.php\/wp-json\/wp\/v2\/product_tag?post=201"}],"curies":[{"name":"wp","href":"https:\/\/api.w.org\/{rel}","templated":true}]}}