{"id":200,"date":"2023-05-29T04:37:43","date_gmt":"2023-05-29T04:37:43","guid":{"rendered":"https:\/\/tplinksg.com\/?post_type=product&#038;p=200"},"modified":"2025-09-05T09:06:43","modified_gmt":"2025-09-05T01:06:43","slug":"tp-link-safestream-gigabit-multi-wan-vpn-router-er605","status":"publish","type":"product","link":"https:\/\/tplinksg.com\/index.php\/product\/tp-link-safestream-gigabit-multi-wan-vpn-router-er605\/","title":{"rendered":"TP-Link SAFESTREAM GIGABIT MULTI WAN VPN ROUTER | ER605"},"content":{"rendered":"<section class=\"a\">\n<div class=\"w-container\">\n<div class=\"text\">\n<div class=\"icon\">Centralized Management<\/div>\n<h2>Professional,\u00a0Secure, and Reliable Gigabit VPN Router<\/h2>\n<p class=\"model\">ER605<\/p>\n<\/div>\n<div class=\"img-product\">\n<div class=\"bg-text\">\n<div class=\"desc desc-1\">VPN Tunnel<\/div>\n<div class=\"desc desc-2\">VPN Tunnel<\/div>\n<\/div>\n<\/div>\n<\/div>\n<\/section>\n<section class=\"b\">\n<div class=\"w-container\">\n<div class=\"text\">\n<ul>\n<li class=\"li-1\"><i class=\"icon\">\u00a0<\/i>Centralized Management<\/li>\n<li class=\"li-2\"><i class=\"icon \">\u00a0<\/i>Gigabit Ports<\/li>\n<li class=\"li-3\"><i class=\"icon \">\u00a0<\/i>1 USB + 1 WAN + 2 WAN\/LAN<\/li>\n<li class=\"li-4\"><i class=\"icon \">\u00a0<\/i>Load Balance<\/li>\n<li class=\"li-5\"><i class=\"icon \">\u00a0<\/i>IPSec\/OpenVPN\/ PPTP\/L2TP<\/li>\n<li class=\"li-6\"><i class=\"icon\">\u00a0<\/i>Powerful Firewall<\/li>\n<li class=\"li-7\"><i class=\"icon \">\u00a0<\/i>VLAN<\/li>\n<li class=\"li-8\"><i class=\"icon \">\u00a0<\/i>Omada App<\/li>\n<\/ul>\n<\/div>\n<\/div>\n<\/section>\n<section class=\"c\">\n<div class=\"w-container\">\n<div class=\"text\">\n<h2>Omada SDN\u2014The Smarter Cloud Solution for Business Networking<\/h2>\n<p>As the gateway that seamlessly integrates into the Omada Software Defined Networking (SDN) platform, ER605 allows for remote and centralized management, anywhere, anytime. Standalone management via the Web UI or app is also available to maximize convenience.<\/p>\n<p class=\"link\"><a href=\"https:\/\/www.tp-link.com\/uk\/omada-sdn\/\" target=\"_blank\" rel=\"noopener\">Learn More about Omada SDN &gt;&gt;<\/a><\/p>\n<\/div>\n<div class=\"list\">\n<ul class=\"info-list\">\n<li class=\"li li-1\"><i>\u00a0<\/i>Hardware or Software Controllers<\/li>\n<li class=\"li li-2\"><i>\u00a0<\/i>Centralized Cloud Management<\/li>\n<li class=\"li li-3\"><i>\u00a0<\/i>Intelligent Monitoring<\/li>\n<\/ul>\n<\/div>\n<\/div>\n<div class=\"info-img\">\n<div class=\"inner\">\n<div class=\"bg-text\">\n<div class=\"desc desc-1\">Ceiling Mount AP<\/div>\n<div class=\"desc desc-2\">Wi-Fi 6 AP for High-Density Environments<\/div>\n<div class=\"desc desc-3\">Wall-Plate AP<\/div>\n<div class=\"desc desc-4\">Outdoor AP<\/div>\n<div class=\"desc desc-5\">Omada Hardware Controller<\/div>\n<div class=\"desc desc-6\">JetStream PoE Switches<\/div>\n<div class=\"desc desc-7\">Omada Software Controller<\/div>\n<div class=\"desc desc-8\">Omada VPN Router<\/div>\n<div class=\"desc desc-9\">Omada App<\/div>\n<div class=\"desc desc-10\">Cloud Access<\/div>\n<div class=\"desc desc-cloud desc-11\">Internet<\/div>\n<div class=\"desc desc-12\">Or<\/div>\n<div class=\"desc desc-13\">Web Browser<\/div>\n<\/div>\n<\/div>\n<\/div>\n<\/section>\n<section class=\"d\">\n<div class=\"w-container\">\n<div class=\"text\">\n<h2>Up to Three WAN Gigabit Ports &amp; One USB WAN for Mobile Broadband<\/h2>\n<p>Two freely interchangeable ports allow the router to support up to three WAN ports for various Internet access requirements. The multi-WAN Load Balancing function distributes data streams according to the bandwidth proportion of every WAN port to raise the utilization rate of multi-line broadband.<br \/>\nMobile broadband via 4G\/3G modem by connecting to the USB port is also supported for WAN backup.<\/p>\n<\/div>\n<\/div>\n<div class=\"info-img\">\n<div class=\"inner\">\n<div class=\"bg-text\">\n<div class=\"desc desc-1\">1\u00d7 USB 2.0 Port for Connecting 4G\/3G Modem as WAN Backup<\/div>\n<div class=\"desc desc-2\">1\u00d7 Gigabit WAN Port<\/div>\n<div class=\"desc desc-3\">2\u00d7 Gigabit WAN\/LAN Ports<\/div>\n<div class=\"desc desc-4\">2\u00d7 Gigabit LAN Ports<\/div>\n<div class=\"desc desc-5\">Reset<\/div>\n<\/div>\n<\/div>\n<\/div>\n<\/section>\n<section class=\"e\">\n<div class=\"w-container\">\n<div class=\"text\">\n<h2>High-Security and High-Performance VPN<\/h2>\n<p>ER605 supports IPSec\/PPTP\/L2TP VPN over IPSec\/SSL protocols. One-click auto IPSec VPN* greatly simplifies VPN configuration and facilitates network management and deployment. It also secures and encrypts private site-to-site data communications traveling over the internet. This version improves VPN performance by 4\u20135 times thanks to the open line of communication with Omada&#8217;s user base.<\/p>\n<\/div>\n<\/div>\n<div class=\"info-img\">\n<div class=\"inner\">\n<div class=\"bg-text\">\n<div class=\"desc desc-1\">Headquarters<\/div>\n<div class=\"desc desc-2\">IPSec VPN<\/div>\n<div class=\"desc desc-3\">Subsidiary<\/div>\n<div class=\"desc desc-4\">Omada Controller<\/div>\n<\/div>\n<\/div>\n<\/div>\n<\/section>\n<section class=\"f\">\n<div class=\"w-container\">\n<div class=\"text\">\n<h2>Abundant Security Features<\/h2>\n<\/div>\n<\/div>\n<div class=\"info-img\">\n<div class=\"inner\">\n<div class=\"bg-text\">\n<div class=\"desc desc1\">\n<h3>Powerful Firewall<\/h3>\n<p>Advanced firewall policies<br class=\"m-hide\" \/>protect your network and data.<\/p>\n<\/div>\n<div class=\"desc desc2\">\n<h3>Convenient VLAN Support<\/h3>\n<p>Create virtual network segments for<br class=\"m-hide\" \/>enhanced security and simplified<br class=\"m-hide\" \/>network management.<\/p>\n<\/div>\n<div class=\"desc desc3\">\n<h3>DoS Defense<\/h3>\n<p>Automatically detects and blocks Denial of Service<br class=\"m-hide\" \/>(DoS) attacks such as TCP\/UDP\/ICMP Flooding, Ping<br class=\"m-hide\" \/>of Death, and other related threats.<\/p>\n<\/div>\n<div class=\"desc desc4\">\n<h3>IP\/MAC\/URL Filtering<\/h3>\n<p>Forcefully prevent viruses and attacks<br class=\"m-hide\" \/>from intruders.<\/p>\n<\/div>\n<div class=\"desc desc5\">\n<h3>IP-MAC Binding<\/h3>\n<p>Reserves static IP assignment for<br class=\"m-hide\" \/>clients to defend against ARP<br class=\"m-hide\" \/>attacks and spoofing.<\/p>\n<\/div>\n<div class=\"desc desc6\">\n<h3>One-Click ALG Activation<\/h3>\n<p>One-Click ALG Activation for<br class=\"m-hide\" \/>applications such as FTP, H323, SIP,<br class=\"m-hide\" \/>IPSec and PPTP.<\/p>\n<\/div>\n<\/div>\n<\/div>\n<\/div>\n<\/section>\n<section class=\"g\">\n<div class=\"w-container\">\n<div class=\"text\">\n<h2>Internet Access Management Strategy<\/h2>\n<p>Administrators can moderate users&#8217; online behavior and easily specify employees&#8217; internet access rights and strategies via IP\/MAC\/URL Filtering and Access Control List (ACL). Captive Portal authentication facilitates network resource control by capturing, authenticating, and classifying user access. Appropriate network resources can also be allocated for particular users or guests.<\/p>\n<\/div>\n<\/div>\n<\/section>\n<section class=\"h\">\n<div class=\"w-container\">\n<div class=\"text\">\n<h2 class=\"regular\">Easy Management with the Omada App<\/h2>\n<p>Follow configuration instructions on the free Omada app to get set up in minutes. Omada lets you configure settings, monitor the network status, and manage clients, all from the convenience of a mobile device.<\/p>\n<\/div>\n<p><strong>Specification<\/strong>:<\/p>\n<\/div>\n<table>\n<thead>\n<tr id=\"tr_603\">\n<th colspan=\"2\"><a>HARDWARE FEATURES<\/a><\/th>\n<\/tr>\n<\/thead>\n<tbody>\n<tr id=\"tr_1079\">\n<th width=\"35%\">Standards and Protocols<\/th>\n<td width=\"65%\">\u2022 IEEE 802.3, 802.3u, 802.3ab, IEEE 802.3x, IEEE 802.1q<br \/>\n\u2022 TCP\/IP, DHCP, ICMP, NAT, PPPoE, NTP, HTTP, HTTPS, DNS, IPSec, PPTP, L2TP, OpenVPN, SNMP<\/td>\n<\/tr>\n<tr id=\"tr_694\">\n<th width=\"35%\">Interface<\/th>\n<td width=\"65%\">\u2022 1 Fixed Gigabit WAN Port<br \/>\n\u2022 2 Fixed Gigabit LAN Ports<br \/>\n\u2022 2 Changeable Gigabit WAN\/LAN Ports<br \/>\n\u2022 1 USB 2.0 Port (Connecting 4G\/3G Modem as WAN Backup<sup>\u2021<\/sup>)<\/td>\n<\/tr>\n<tr id=\"tr_1097\">\n<th width=\"35%\">Network Media<\/th>\n<td width=\"65%\">\u2022 10BASE-T: UTP category 3, 4, 5 cable (Max 100m)<br \/>\nEIA\/TIA-568 100\u03a9 STP (Max 100m)<br \/>\n\u2022 100BASE-TX: UTP category 5, 5e cable (Max 100m)<br \/>\nEIA\/TIA-568 100\u03a9 STP (Max 100m)<br \/>\n\u2022 1000BASE-T: UTP category 5, 5e, 6 cable (Max 100m)<\/td>\n<\/tr>\n<tr id=\"tr_2336\">\n<th width=\"35%\">Fan Quantity<\/th>\n<td width=\"65%\">Fanless<\/td>\n<\/tr>\n<tr id=\"tr_695\">\n<th width=\"35%\">Button<\/th>\n<td width=\"65%\">Reset Button<\/td>\n<\/tr>\n<tr id=\"tr_1111\">\n<th width=\"35%\">Power Supply<\/th>\n<td width=\"65%\">External 12V\/1A DC Adapter<\/td>\n<\/tr>\n<tr id=\"tr_5730\">\n<th width=\"35%\">PoE Budget<\/th>\n<td width=\"65%\">&#8211;<\/td>\n<\/tr>\n<tr id=\"tr_1604\">\n<th width=\"35%\">Flash<\/th>\n<td width=\"65%\">128 MB NAND<\/td>\n<\/tr>\n<tr id=\"tr_1605\">\n<th width=\"35%\">DRAM<\/th>\n<td width=\"65%\">256 MB DDR<\/td>\n<\/tr>\n<tr id=\"tr_1107\">\n<th width=\"35%\">LED<\/th>\n<td width=\"65%\">PWR, SYS, WAN (Link\/Act), LAN (Link\/Act), USB<\/td>\n<\/tr>\n<tr id=\"tr_697\">\n<th width=\"35%\">Dimensions ( W x D x H )<\/th>\n<td width=\"65%\">6.2 \u00d7 4.0 \u00d7 1.0 in (158 \u00d7 101 \u00d7 25mm)<\/td>\n<\/tr>\n<tr id=\"tr_1051\">\n<th width=\"35%\">Protection<\/th>\n<td width=\"65%\">4 kV surge protection<\/td>\n<\/tr>\n<tr id=\"tr_3891\">\n<th width=\"35%\">Enclosure<\/th>\n<td width=\"65%\">Steel<\/td>\n<\/tr>\n<tr id=\"tr_4029\">\n<th width=\"35%\">Mounting<\/th>\n<td width=\"65%\">Desktop\/Wall-mount<\/td>\n<\/tr>\n<tr id=\"tr_5530\">\n<th width=\"35%\">Max Power Consumption<\/th>\n<td width=\"65%\">7.94 W<\/td>\n<\/tr>\n<\/tbody>\n<\/table>\n<table>\n<thead>\n<tr id=\"tr_1487\">\n<th colspan=\"2\"><a>PERFORMANCE<\/a><\/th>\n<\/tr>\n<\/thead>\n<tbody>\n<tr id=\"tr_1606\">\n<th width=\"35%\">Concurrent Session<\/th>\n<td width=\"65%\">150,000<\/td>\n<\/tr>\n<tr id=\"tr_6056\">\n<th width=\"35%\">New Sessions \/Second<\/th>\n<td width=\"65%\">2,600<\/td>\n<\/tr>\n<tr id=\"tr_6063\">\n<th width=\"35%\">NAT (Static IP)<\/th>\n<td width=\"65%\">\u2022 Upload: 945.77 Mbps<br \/>\n\u2022 Download: 945.56 Mbps<br \/>\n\u2022 Bi-Directional: 1808.29 Mbps<\/td>\n<\/tr>\n<tr id=\"tr_5860\">\n<th width=\"35%\">NAT(DHCP)<\/th>\n<td width=\"65%\">\u2022 Upload: 945.93 Mbps<br \/>\n\u2022 Download: 945.43 Mbps<br \/>\n\u2022 Bi-Directional: 1808.11 Mbps<\/td>\n<\/tr>\n<tr id=\"tr_5861\">\n<th width=\"35%\">NAT(PPPoE)<\/th>\n<td width=\"65%\">\u2022 Upload: 940.44Mbps<br \/>\n\u2022 Download: 940.52 Mbps<br \/>\n\u2022 Bi-Directional: 1804.27 Mbps<\/td>\n<\/tr>\n<tr id=\"tr_6060\">\n<th width=\"35%\">NAT (L2TP)<\/th>\n<td width=\"65%\">\u2022 Upload: 845.64 Mbps<br \/>\n\u2022 Download: 802.65 Mbps<br \/>\n\u2022 Bi-Directional: 931.96 Mbps<\/td>\n<\/tr>\n<tr id=\"tr_6061\">\n<th width=\"35%\">NAT (PPTP)<\/th>\n<td width=\"65%\">\u2022 Upload: 771.66 Mbps<br \/>\n\u2022 Download: 874.81 Mbps<br \/>\n\u2022 Bi-Directional: 999.54 Mbps<\/td>\n<\/tr>\n<tr id=\"tr_6062\">\n<th width=\"35%\">64 Byte Packet Forwarding Rate<\/th>\n<td width=\"65%\">\u2022 Upload\/Download: 1,402,238 pps<br \/>\n\u2022 Bi-Directional: 1,681,548 pps<\/td>\n<\/tr>\n<tr id=\"tr_1986\">\n<th width=\"35%\">IPsec VPN Throughput<\/th>\n<td width=\"65%\">\u2022 ESP-MD5-AES256: 171.26 Mbps<br \/>\n\u2022 ESP-SHA1-AES256: 224.86 Mbps<br \/>\n\u2022 ESP-SHA2-AES256: 248.04 Mbps<\/td>\n<\/tr>\n<tr id=\"tr_6057\">\n<th width=\"35%\">OpenVPN<\/th>\n<td width=\"65%\">\u2022 21.70 Mbps<\/td>\n<\/tr>\n<tr id=\"tr_6058\">\n<th width=\"35%\">L2TP VPN Throughput<\/th>\n<td width=\"65%\">\u2022 Unencrypted: 864.65 Mbps<br \/>\n\u2022 Encrypted: 47.11 Mbps<\/td>\n<\/tr>\n<tr id=\"tr_6059\">\n<th width=\"35%\">PPTP VPN Throughput<\/th>\n<td width=\"65%\">\u2022 Unencrypted: 703.20 Mbps<br \/>\n\u2022 Encrypted: 76.65 Mbps<\/td>\n<\/tr>\n<tr id=\"tr_6084\">\n<th width=\"35%\">SSL VPN Throughput<\/th>\n<td width=\"65%\">&#8211;<\/td>\n<\/tr>\n<tr id=\"tr_6107\">\n<th width=\"35%\">66 Byte Packet forwarding rate<\/th>\n<td width=\"65%\">\u2022 Upload\/Download: 954.50 Mbps<br \/>\n\u2022 Bi-Directional: 1130.00 Mbps<\/td>\n<\/tr>\n<tr id=\"tr_6108\">\n<th width=\"35%\">1,518 Byte Packet forwarding rate<\/th>\n<td width=\"65%\">\u2022 Upload\/Download: 997.50 Mbps<br \/>\n\u2022 Bi-Directional: 1965.00 Mbps<\/td>\n<\/tr>\n<\/tbody>\n<\/table>\n<table>\n<thead>\n<tr id=\"tr_1610\">\n<th colspan=\"2\"><a>BASIC FUNCTIONS<\/a><\/th>\n<\/tr>\n<\/thead>\n<tbody>\n<tr id=\"tr_1615\">\n<th width=\"35%\">WAN Connection Type<\/th>\n<td width=\"65%\">\u2022 Static\/Dynamic IP<br \/>\n\u2022 PPPoE<br \/>\n\u2022 PPTP<br \/>\n\u2022 L2TP<br \/>\n\u2022 Mobile Broadband: 4G\/3G modem for backup via USB port<sup>\u2021<\/sup><\/td>\n<\/tr>\n<tr id=\"tr_1616\">\n<th width=\"35%\">MAC Clone<\/th>\n<td width=\"65%\">Modify WAN\/LAN MAC Address<sup>\u2020<\/sup><\/td>\n<\/tr>\n<tr id=\"tr_1617\">\n<th width=\"35%\">DHCP<\/th>\n<td width=\"65%\">\u2022 DHCP Server\/Client<br \/>\n\u2022 DHCP Address Reservation<br \/>\n\u2022 Multi-net DHCP*<br \/>\n\u2022 Multi-IP Interfaces*<\/td>\n<\/tr>\n<tr id=\"tr_5715\">\n<th width=\"35%\">IPv6<\/th>\n<td width=\"65%\">StaticIP \/ SLAAC \/ DHCPv6 \/ PPPoE \/ 6to4Tunnel \/ PassThrough<\/td>\n<\/tr>\n<tr id=\"tr_5716\">\n<th width=\"35%\">VLAN<\/th>\n<td width=\"65%\">802.1Q VLAN<\/td>\n<\/tr>\n<tr id=\"tr_4070\">\n<th width=\"35%\">IPTV<\/th>\n<td width=\"65%\">IGMP v2\/v3 Proxy, Custom Mode, Bridge Mode<\/td>\n<\/tr>\n<\/tbody>\n<\/table>\n<table>\n<thead>\n<tr id=\"tr_1611\">\n<th colspan=\"2\"><a>ADVANCED FUNCTIONS<\/a><\/th>\n<\/tr>\n<\/thead>\n<tbody>\n<tr id=\"tr_1972\">\n<th width=\"35%\">ACL<\/th>\n<td width=\"65%\">IP\/Port\/Protocol\/Domain Name Filtering<\/td>\n<\/tr>\n<tr id=\"tr_1973\">\n<th width=\"35%\">Advanced Routing<\/th>\n<td width=\"65%\">\u2022 Static Routing<br \/>\n\u2022 Policy Routing<\/td>\n<\/tr>\n<tr id=\"tr_1974\">\n<th width=\"35%\">Bandwidth Control<\/th>\n<td width=\"65%\">IP-based Bandwidth Control<\/td>\n<\/tr>\n<tr id=\"tr_1623\">\n<th width=\"35%\">Load Balance<\/th>\n<td width=\"65%\">\u2022 Intelligent Load Balance<br \/>\n\u2022 Application Optimized Routing<br \/>\n\u2022 Link Backup (Timing<sup>\u00a7<\/sup>, Failover)<br \/>\n\u2022 Online Detection<\/td>\n<\/tr>\n<tr id=\"tr_1621\">\n<th width=\"35%\">NAT<\/th>\n<td width=\"65%\">\u2022 One-to-One NAT<sup>\u00a7<\/sup><br \/>\n\u2022 Multi-Net NAT<br \/>\n\u2022 Virtual Server<br \/>\n\u2022 Port Triggering<sup>\u00a7<\/sup><br \/>\n\u2022 NAT-DMZ<br \/>\n\u2022 FTP\/H.323\/SIP\/IPSec\/PPTP ALG, UPnP<\/td>\n<\/tr>\n<tr id=\"tr_1971\">\n<th width=\"35%\">Security<\/th>\n<td width=\"65%\">\u2022 SPI Firewall<br \/>\n\u2022 VPN Passthrough<br \/>\n\u2022 FTP\/H.323\/PPTP\/SIP\/IPsec ALG<br \/>\n\u2022 DoS Defence, Ping of Death<br \/>\n\u2022 Local Management<\/td>\n<\/tr>\n<tr id=\"tr_5718\">\n<th width=\"35%\">Session Limit<\/th>\n<td width=\"65%\">IP-based Session Limit<\/td>\n<\/tr>\n<\/tbody>\n<\/table>\n<table>\n<thead>\n<tr id=\"tr_1459\">\n<th colspan=\"2\"><a>VPN<\/a><\/th>\n<\/tr>\n<\/thead>\n<tbody>\n<tr id=\"tr_1642\">\n<th width=\"35%\">IPsec VPN<\/th>\n<td width=\"65%\">\u2022 20 IPsec VPN Tunnels<br \/>\n\u2022 LAN-to-LAN, Client-to-LAN<br \/>\n\u2022 Main, Aggressive Negotiation Mode<br \/>\n\u2022 DES, 3DES, AES128, AES192, AES256 Encryption Algorithm<br \/>\n\u2022 IKEv1\/v2<br \/>\n\u2022 MD5, SHA1 Authentication Algorithm<br \/>\n\u2022 NAT Traversal (NAT-T)<br \/>\n\u2022 Dead Peer Detection (DPD)<br \/>\n\u2022 Perfect Forward Secrecy (PFS)<\/td>\n<\/tr>\n<tr id=\"tr_1643\">\n<th width=\"35%\">PPTP VPN<\/th>\n<td width=\"65%\">\u2022 PPTP VPN Server<br \/>\n\u2022 10 PPTP VPN Clients**<br \/>\n\u2022 16 Tunnels<br \/>\n\u2022 PPTP with MPPE Encryption<\/td>\n<\/tr>\n<tr id=\"tr_1644\">\n<th width=\"35%\">L2TP VPN<\/th>\n<td width=\"65%\">\u2022 L2TP VPN Server<br \/>\n\u2022 10 L2TP VPN Clients**<br \/>\n\u2022 16 Tunnels<br \/>\n\u2022 L2TP over IPSec<\/td>\n<\/tr>\n<tr id=\"tr_5982\">\n<th width=\"35%\">OpenVPN<\/th>\n<td width=\"65%\">\u2022 OpenVPN Server*<br \/>\n\u2022 10 OpenVPN Clients*<sup>\u25b3<\/sup><br \/>\n\u2022 16 OpenVPN Tunnels*<\/td>\n<\/tr>\n<\/tbody>\n<\/table>\n<table>\n<thead>\n<tr id=\"tr_1625\">\n<th colspan=\"2\"><a>SECURITY<\/a><\/th>\n<\/tr>\n<\/thead>\n<tbody>\n<tr id=\"tr_1636\">\n<th width=\"35%\">Filtering<\/th>\n<td width=\"65%\">\u2022 WEB Group Filtering<sup>\u00a7<\/sup><br \/>\n\u2022 URL Filtering<br \/>\n\u2022 Web Security<sup>\u00a7<\/sup><\/td>\n<\/tr>\n<tr id=\"tr_1637\">\n<th width=\"35%\">ARP Inspection<\/th>\n<td width=\"65%\">\u2022 Sending GARP Packets<sup>\u00a7<\/sup><br \/>\n\u2022 ARP Scanning<sup>\u00a7<\/sup><br \/>\n\u2022 IP-MAC Binding<sup>\u00a7<\/sup><\/td>\n<\/tr>\n<tr id=\"tr_1638\">\n<th width=\"35%\">Attack Defense<\/th>\n<td width=\"65%\">\u2022 TCP\/UDP\/ICMP Flood Defense<br \/>\n\u2022 Block TCP Scan (Stealth FIN\/Xmas\/Null)<br \/>\n\u2022 Block Ping from WAN<\/td>\n<\/tr>\n<tr id=\"tr_5717\">\n<th width=\"35%\">Access Control<\/th>\n<td width=\"65%\">Source\/Destination IP Based Access Control<\/td>\n<\/tr>\n<\/tbody>\n<\/table>\n<table>\n<thead>\n<tr id=\"tr_5719\">\n<th colspan=\"2\"><a>AUTHENTICATION<\/a><\/th>\n<\/tr>\n<\/thead>\n<tbody>\n<tr id=\"tr_5720\">\n<th width=\"35%\">Web Authentication<\/th>\n<td width=\"65%\">\u2022 No Authentication<br \/>\n\u2022 Simple Password*<br \/>\n\u2022 Hotspot\uff08Local User \/ Voucher* \/ SMS* \/ Radius*\uff09<br \/>\n\u2022 External Radius Sever<br \/>\n\u2022 External Portal Sever*<br \/>\n\u2022 Facebook*<\/td>\n<\/tr>\n<\/tbody>\n<\/table>\n<table>\n<thead>\n<tr id=\"tr_1626\">\n<th colspan=\"2\"><a>MANAGEMENT<\/a><\/th>\n<\/tr>\n<\/thead>\n<tbody>\n<tr id=\"tr_5862\">\n<th width=\"35%\">Omada App<\/th>\n<td width=\"65%\">Yes<\/td>\n<\/tr>\n<tr id=\"tr_5842\">\n<th width=\"35%\">Centralized Management<\/th>\n<td width=\"65%\">\u2022 Omada Hardware Controller (OC300)<br \/>\n\u2022 Omada Hardware Controller (OC200)<br \/>\n\u2022 Omada Software Controller<br \/>\n\u2022 Omada Cloud-Based Controller<\/td>\n<\/tr>\n<tr id=\"tr_5844\">\n<th width=\"35%\">Cloud Access<\/th>\n<td width=\"65%\">Yes (Through OC300, OC200, Omada Software Controller, or Omada Cloud-Based Controller)<\/td>\n<\/tr>\n<tr id=\"tr_1639\">\n<th width=\"35%\">Service<\/th>\n<td width=\"65%\">Dynamic DNS (Dyndns, No-IP, Peanuthull, Comexe)<\/td>\n<\/tr>\n<tr id=\"tr_1640\">\n<th width=\"35%\">Maintenance<\/th>\n<td width=\"65%\">\u2022 Web Management Interface<br \/>\n\u2022 Remote Management<br \/>\n\u2022 Export &amp; Import Configuration<br \/>\n\u2022 SNMP v1\/v2c\/v3<br \/>\n\u2022 Diagnostics (Ping &amp; Traceroute)<sup>\u00a7<\/sup><br \/>\n\u2022 NTP Synchronize<sup>\u00a7<\/sup><br \/>\n\u2022 Syslog Support<\/td>\n<\/tr>\n<tr id=\"tr_5975\">\n<th width=\"35%\">Zero-Touch Provisioning<\/th>\n<td width=\"65%\">Yes. Requiring the use of Omada Cloud-Based Controller.<\/td>\n<\/tr>\n<tr id=\"tr_5974\">\n<th width=\"35%\">Management Features<\/th>\n<td width=\"65%\">\u2022 Automatic Device Discovery<br \/>\n\u2022 Intelligent Network Monitoring<br \/>\n\u2022 Abnormal Event Warnings<br \/>\n\u2022 Unified Configuration<br \/>\n\u2022 Reboot Schedule<br \/>\n\u2022 Captive Portal Configuration<\/td>\n<\/tr>\n<\/tbody>\n<\/table>\n<table>\n<thead>\n<tr id=\"tr_606\">\n<th colspan=\"2\"><a>OTHERS<\/a><\/th>\n<\/tr>\n<\/thead>\n<tbody>\n<tr id=\"tr_714\">\n<th width=\"35%\">Certification<\/th>\n<td width=\"65%\">CE, FCC, RoHS<\/td>\n<\/tr>\n<tr id=\"tr_715\">\n<th width=\"35%\">Package Contents<\/th>\n<td width=\"65%\">\u2022 Gigabti VPN Router ER605<br \/>\n\u2022 Power Adapter<br \/>\n\u2022 RJ45 Ethernet Cable<br \/>\n\u2022 Quick Installation Guide<\/td>\n<\/tr>\n<tr id=\"tr_716\">\n<th width=\"35%\">System Requirements<\/th>\n<td width=\"65%\">Microsoft Windows 98SE, NT, 2000, XP, Vista\u2122 or Windows 7\/8\/8.1\/10, MAC OS, NetWare, UNIX or Linux<\/td>\n<\/tr>\n<tr id=\"tr_717\">\n<th width=\"35%\">Environment<\/th>\n<td width=\"65%\">\u2022 Operating Temperature: 0\u201340 \u2103 (32\u2013104 \u2109);<br \/>\n\u2022 Storage Temperature: -40\u201370 \u2103 (-40\u2013158 \u2109)<br \/>\n\u2022 Operating Humidity: 10\u201390% RH non-condensing<br \/>\n\u2022 Storage Humidity: 5\u201390% RH non-condensing<\/td>\n<\/tr>\n<\/tbody>\n<\/table>\n<\/section>\n","protected":false},"excerpt":{"rendered":"<div class=\"box title\">\n<div>\n<h2 class=\"product-name\">ER605 (TL-R605)<\/h2>\n<\/div>\n<h1>Omada Gigabit VPN Router<\/h1>\n<\/div>\n<div class=\"box highlights\">\n<ul>\n<li><strong>Integrated into Omada SDN<\/strong>: Centralized Cloud Management\u00a0and Intelligent Monitoring.<\/li>\n<li><strong>Centralized Management<\/strong>: Cloud access and Omada app for convenience and easy management.<\/li>\n<li><strong>Five Gigabit Ports<\/strong>: High-speed wired connectivity.<\/li>\n<li><strong>Up to 3\u00a0WAN Ethernet Ports<\/strong>: 1 gigabit WAN port and 2\u00a0gigabit WAN\/LAN ports with load balance raise the utilization rate of multi-line broadband.<\/li>\n<li><strong>One USB WAN Port for Mobile Broadband<\/strong>: Mobile broadband via 4G\/3G modem is supported for WAN backup by connecting to the USB port.<sup>\u2021<\/sup><\/li>\n<li><strong>Highly Secure VPN<\/strong>: Supports\u00a0up to 20\u00d7 LAN-to-LAN IPsec, 16\u00d7 OpenVPN*, 16\u00d7 L2TP, and 16\u00d7 PPTP VPN connections.<\/li>\n<li><strong>Abundant Security Features<\/strong>: Advanced firewall policies, DoS defense, IP\/MAC\/URL filtering, and more security functions protect your\u00a0network and data.<\/li>\n<\/ul>\n<\/div>\n","protected":false},"featured_media":2137,"template":"","meta":[],"product_brand":[],"product_cat":[18],"product_tag":[],"class_list":{"0":"post-200","1":"product","2":"type-product","3":"status-publish","4":"has-post-thumbnail","6":"product_cat-wi-fi-routers","7":"thunk-woo-product-list","8":"opn-qv-enable","9":"top-store-woo-hover-none","10":"top-store-single-product-tab-horizontal","11":"top-store-shadow-","12":"top-store-shadow-hover-","14":"first","15":"outofstock","16":"taxable","17":"shipping-taxable","18":"purchasable","19":"product-type-simple"},"_links":{"self":[{"href":"https:\/\/tplinksg.com\/index.php\/wp-json\/wp\/v2\/product\/200","targetHints":{"allow":["GET"]}}],"collection":[{"href":"https:\/\/tplinksg.com\/index.php\/wp-json\/wp\/v2\/product"}],"about":[{"href":"https:\/\/tplinksg.com\/index.php\/wp-json\/wp\/v2\/types\/product"}],"wp:featuredmedia":[{"embeddable":true,"href":"https:\/\/tplinksg.com\/index.php\/wp-json\/wp\/v2\/media\/2137"}],"wp:attachment":[{"href":"https:\/\/tplinksg.com\/index.php\/wp-json\/wp\/v2\/media?parent=200"}],"wp:term":[{"taxonomy":"product_brand","embeddable":true,"href":"https:\/\/tplinksg.com\/index.php\/wp-json\/wp\/v2\/product_brand?post=200"},{"taxonomy":"product_cat","embeddable":true,"href":"https:\/\/tplinksg.com\/index.php\/wp-json\/wp\/v2\/product_cat?post=200"},{"taxonomy":"product_tag","embeddable":true,"href":"https:\/\/tplinksg.com\/index.php\/wp-json\/wp\/v2\/product_tag?post=200"}],"curies":[{"name":"wp","href":"https:\/\/api.w.org\/{rel}","templated":true}]}}