{"id":196,"date":"2023-05-29T04:36:05","date_gmt":"2023-05-29T04:36:05","guid":{"rendered":"https:\/\/tplinksg.com\/?post_type=product&#038;p=196"},"modified":"2025-09-05T09:06:44","modified_gmt":"2025-09-05T01:06:44","slug":"tp-link-eap650-ax3000-ceiling-mount-wifi-6-access-point-eap650","status":"publish","type":"product","link":"https:\/\/tplinksg.com\/index.php\/product\/tp-link-eap650-ax3000-ceiling-mount-wifi-6-access-point-eap650\/","title":{"rendered":"TP-Link EAP650 AX3000 Ceiling Mount WiFi 6 Access Point | EAP650"},"content":{"rendered":"<div class=\"product-info\">\n<div id=\"div_overview\" class=\"overview\">\n<div class=\"overview-content\">\n<div class=\"eap650_v1\">\n<section class=\"a\">\n<div class=\"w-container\">\n<div class=\"text\">\n<h2>The New Slimline Business WiFi 6<\/h2>\n<p>AX3000 Ceiling Mount\u00a0WiFi 6 Access Point<\/p>\n<p><img decoding=\"async\" class=\"model-name\" src=\"https:\/\/static-product.tp-link.com\/eap650_v1\/img\/a-model.png\" \/><\/div>\n<\/div>\n<\/section>\n<section class=\"b\">\n<ul>\n<li class=\"li-1\">\n<div class=\"icon\"><\/div>\n<div class=\"text\">\n<p class=\"title\">AX3000 WiFi 6 Speed<\/p>\n<p class=\"desc\">2402 Mbps on 5 GHz +<br \/>\n574 Mbps on 2.4 GHz<sup>\u2020<\/sup><\/p>\n<\/div>\n<\/li>\n<li class=\"li-2\">\n<div class=\"icon\"><\/div>\n<div class=\"text\">\n<p class=\"title\">High-Efficiency WiFi 6<\/p>\n<p class=\"desc\">More connected devices can enjoy faster speeds<\/p>\n<\/div>\n<\/li>\n<li class=\"li-3\">\n<div class=\"icon\"><\/div>\n<div class=\"text\">\n<p class=\"title\">Centralized Cloud Management<\/p>\n<p class=\"desc\">Manage the whole network locally or from the cloud<\/p>\n<\/div>\n<\/li>\n<li class=\"li-4\">\n<div class=\"icon\"><\/div>\n<div class=\"text\">\n<p class=\"title\">160 MHz Channel<\/p>\n<p class=\"desc\">Double the data at peak transmission times on a single stream with HE160<sup>\u2021<\/sup><\/p>\n<\/div>\n<\/li>\n<li class=\"li-5\">\n<div class=\"icon\"><\/div>\n<div class=\"text\">\n<p class=\"title\">Auto Channel Selection and Power Adjustment*<\/p>\n<p class=\"desc\">Optimize overall performance by reducing WiFi interference<\/p>\n<\/div>\n<\/li>\n<li class=\"li-6\">\n<div class=\"icon\"><\/div>\n<div class=\"text\">\n<p class=\"title\">Omada Mesh Technology<sup>\u00a7<\/sup><\/p>\n<p class=\"desc\">More flexible and convenient wireless deployment<\/p>\n<\/div>\n<\/li>\n<li class=\"li-7\">\n<div class=\"icon\"><\/div>\n<div class=\"text\">\n<p class=\"title\">Seamless Roaming<sup>\u00a7<\/sup><\/p>\n<p class=\"desc\">Uninterrupted streaming when moving between APs<\/p>\n<\/div>\n<\/li>\n<li class=\"li-8\">\n<div class=\"icon\"><\/div>\n<div class=\"text\">\n<p class=\"title\">Ultra-Slim Design<\/p>\n<p class=\"desc\">\u03a6160 mm \u00d7 33.6 mm elegant design brings more agility<\/p>\n<\/div>\n<\/li>\n<li class=\"li-9\">\n<div class=\"icon\"><\/div>\n<div class=\"text\">\n<p class=\"title\">PoE+ Powered<\/p>\n<p class=\"desc\">Supports both DC (adapter included) and 802.3at PoE+ for flexible installations<\/p>\n<\/div>\n<\/li>\n<\/ul>\n<\/section>\n<section class=\"c\">\n<div class=\"w-container\">\n<div class=\"text\">\n<h2>Designed for Business Environments<\/h2>\n<h2 class=\"m-hide\">Requiring High-Performance WiFi<\/h2>\n<\/div>\n<ul>\n<li class=\"li-1\">\n<div class=\"img\"><\/div>\n<div class=\"text\">\n<p class=\"title\">Hospitality<\/p>\n<p class=\"desc\">High-quality and full coverage Guest WiFi<\/p>\n<\/div>\n<\/li>\n<li class=\"li-2\">\n<div class=\"img\"><\/div>\n<div class=\"text\">\n<p class=\"title\">Education<\/p>\n<p class=\"desc\">High-security WiFi to connect more devices<\/p>\n<\/div>\n<\/li>\n<li class=\"li-3\">\n<div class=\"img\"><\/div>\n<div class=\"text\">\n<p class=\"title\">Shopping Mall<\/p>\n<p class=\"desc\">Seamless marketing WiFi coverage to boost business<\/p>\n<\/div>\n<\/li>\n<li class=\"li-4\">\n<div class=\"img\"><\/div>\n<div class=\"text\">\n<p class=\"title\">Office<\/p>\n<p class=\"desc\">Stable, seamless, and high-security WiFi coverage<\/p>\n<\/div>\n<\/li>\n<li class=\"li-5\">\n<div class=\"img\"><\/div>\n<div class=\"text\">\n<p class=\"title\">Meeting Room<\/p>\n<p class=\"desc\">Faster streaming, downloading, video conferencing, and more<\/p>\n<\/div>\n<\/li>\n<\/ul>\n<\/div>\n<\/section>\n<section class=\"d\">\n<div class=\"w-container\">\n<div class=\"text\">\n<h2>Power up Your Business with New-Era Business WiFi 6<\/h2>\n<p>WiFi 6 brings faster speeds, lower lag, less interference, and higher capacity.<\/p>\n<p class=\"extra\"><a href=\"https:\/\/www.tp-link.com\/uk\/omada-wifi6\/\">Learn more about WiFi 6 &gt;&gt;<\/a><\/p>\n<\/div>\n<\/div>\n<div class=\"tabs\">\n<div class=\"selector\">\n<div class=\"option op1 active\">\n<div class=\"icon\"><\/div>\n<p class=\"desc\">Superior WiFi 6 Speeds<\/p>\n<div class=\"arrow\"><\/div>\n<\/div>\n<div class=\"option op2\">\n<div class=\"icon\"><\/div>\n<p class=\"desc\">Higher Efficiency for More Devices<\/p>\n<div class=\"arrow\"><\/div>\n<\/div>\n<\/div>\n<div class=\"tab tab-1 active\">\n<div class=\"text\">\n<h2>Lightning-Fast AX3000 WiFi 6 Speeds<\/h2>\n<p>New-era business WiFi 6 with speeds up to 2976 Mbps brings more than twice the speed of WiFi 5.<sup>\u2020<\/sup>\u00a0Every application feels more fluid with drastically improved WiFi speeds.<sup>\u2021<\/sup><\/p>\n<\/div>\n<ul>\n<li class=\"li-1\">\n<div class=\"icon\"><\/div>\n<div class=\"desc\">\n<p class=\"bold\">1024 QAM<\/p>\n<p>25% more data encoded at one time<\/p>\n<\/div>\n<\/li>\n<li class=\"li-2\">\n<div class=\"icon\"><\/div>\n<div class=\"desc\">\n<p class=\"bold\">Long OFDM Symbol<\/p>\n<p>11% faster speed<\/p>\n<\/div>\n<\/li>\n<li class=\"li-3\">\n<div class=\"icon\"><\/div>\n<div class=\"desc\">\n<p class=\"bold\">HE160<\/p>\n<p>Double the data at peak transmission times on a single stream<sup>\u2021<\/sup><\/p>\n<\/div>\n<\/li>\n<\/ul>\n<div class=\"bar\">\n<p class=\"hz h1\">5GHz<\/p>\n<p class=\"hz h2\">2.4GHz<\/p>\n<p class=\"left l1\">2 Stream WiFi 5<\/p>\n<p class=\"left l2\">Ordinary 2 Stream WiFi 6 with HE80<\/p>\n<p class=\"left l3 new\">EAP650: 2 Stream WiFi 6 with HE160<\/p>\n<p class=\"left l4\">2 Stream WiFi 5<\/p>\n<p class=\"left l5 new\">EAP650:\u00a02 Stream WiFi 6<\/p>\n<p class=\"right r1\">867 Mbps<\/p>\n<p class=\"right r2\">1201 Mbps<\/p>\n<p class=\"right r3 new\">2402 Mbps<\/p>\n<p class=\"right r4\">300 Mbps<\/p>\n<p class=\"right r5 new\">574 Mbps<\/p>\n<p class=\"faster f1\"><span class=\"number\">177<\/span>% Faster<\/p>\n<p class=\"faster f2\"><span class=\"number\">90<\/span>% Faster<\/p>\n<\/div>\n<\/div>\n<\/div>\n<\/section>\n<section class=\"e\">\n<div class=\"w-container\">\n<div class=\"text\">\n<h2>Seamless Integration into Omada SDN<\/h2>\n<p>The Omada Software Defined Networking (SDN) platform integrates network devices, including access points, switches, and routers. It provides 100% centralized cloud management and creates a highly scalable network controlled from a single interface.<\/p>\n<p class=\"extra\"><a href=\"https:\/\/www.tp-link.com\/uk\/omada-sdn\/\">Learn more about Omada SDN\u00a0&gt;&gt;<\/a><\/p>\n<\/div>\n<\/div>\n<ul class=\"features\">\n<li class=\"li li-1\">\n<div class=\"icon\"><\/div>\n<div class=\"info\">\n<p class=\"text\">Hardware, Software, or Cloud-Based Controllers<\/p>\n<\/div>\n<\/li>\n<li class=\"li li-2\">\n<div class=\"icon\"><\/div>\n<div class=\"info\">\n<p class=\"text\">Centralized Cloud Management<\/p>\n<\/div>\n<\/li>\n<li class=\"li li-3\">\n<div class=\"icon\"><\/div>\n<div class=\"info\">\n<p class=\"text\">Intelligent Monitoring<\/p>\n<\/div>\n<\/li>\n<li class=\"li li-4\">\n<div class=\"icon\"><\/div>\n<div class=\"info\">\n<p class=\"text\">Zero-Touch Provisioning (ZTP)*<\/p>\n<\/div>\n<\/li>\n<\/ul>\n<div class=\"img\">\n<div class=\"height\"><\/div>\n<p class=\"internet\">Internet<\/p>\n<p class=\"access\">Cloud Access<\/p>\n<p class=\"b1\">WiFi 6 Ceiling Mount AP EAP650<\/p>\n<p class=\"b2\">Wall Plate AP<\/p>\n<p class=\"b3\">Outdoor AP<\/p>\n<p class=\"b4\">JetStream PoE Switches<\/p>\n<p class=\"b5\">Omada VPN Router<\/p>\n<p class=\"m1\">Web Browser<\/p>\n<p class=\"m2\">Omada App<\/p>\n<p class=\"r1\">Omada Hardware Controller<\/p>\n<p class=\"or\">Or<\/p>\n<p class=\"r2\">Omada Software Controller<\/p>\n<\/div>\n<\/section>\n<section class=\"j\">\n<div class=\"w-container\">\n<div class=\"text\">\n<h2>Auto Channel Selection and Power Adjustment<br class=\"m-hide\" \/>to Optimize Overall Performance*<\/h2>\n<p>Provides powerful wireless performance while significantly reducing WiFi interference by automatically adjusting the channel settings and transmission power levels of neighboring APs in the same network.<\/p>\n<\/div>\n<ul>\n<li class=\"li-1\">\n<div class=\"img\">\n<p class=\"title\">Before Optimization<\/p>\n<p class=\"desc d1\">\u25cf\u00a0Channel 1<\/p>\n<p class=\"desc d2\">\u25cf\u00a0Channel 1<\/p>\n<p class=\"desc d3\">\u25cf\u00a0Channel 4<\/p>\n<\/div>\n<\/li>\n<li class=\"li-2\">\n<div class=\"img\">\n<p class=\"title\">After Optimization<\/p>\n<p class=\"desc d1\">\u25cf\u00a0Channel 1<\/p>\n<p class=\"desc d2\">\u25cf\u00a0Channel 11<\/p>\n<p class=\"desc d3\">\u25cf\u00a0Channel 6<\/p>\n<\/div>\n<\/li>\n<\/ul>\n<\/div>\n<\/section>\n<section class=\"f\">\n<div class=\"w-container\">\n<div class=\"text\">\n<h2>Easy Deployment &amp; Higher Performance by Omada Mesh<sup>\u00a7<\/sup><\/h2>\n<h3>Easy Pairing, Less Wiring<\/h3>\n<p>With Mesh technology, Omada EAPs save you from extra wires by wirelessly extending your WiFi signal further and more flexibly to hard-to-wire areas.<\/p>\n<\/div>\n<ul class=\"pair\">\n<li class=\"li li-1\"><img decoding=\"async\" src=\"https:\/\/static-product.tp-link.com\/eap650_v1\/img\/f11.jpg\" \/>\n<p class=\"desc2\">Traditional Wired Networking<\/p>\n<\/li>\n<li class=\"li li-2\"><img decoding=\"async\" src=\"https:\/\/static-product.tp-link.com\/eap650_v1\/img\/f12.jpg\" \/>\n<p class=\"desc1 new\">Mesh Wireless Networking<\/p>\n<\/li>\n<\/ul>\n<div class=\"text\">\n<h3>Optimized Network Performance<\/h3>\n<p>Intelligent self-organization optimizes the best path between EAPs while self-healing ensures you stay online even when one AP is disrupted.<\/p>\n<\/div>\n<ul class=\"network\">\n<li class=\"li li-1\">\n<div class=\"img\">\n<div class=\"abs line1\"><\/div>\n<div class=\"abs line2\"><\/div>\n<div class=\"abs start1\">\n<div class=\"abs line3\"><\/div>\n<\/div>\n<div class=\"abs start2\">\n<div class=\"abs cover1\"><\/div>\n<\/div>\n<div class=\"abs cover2\"><\/div>\n<p class=\"desc2 new\">Intelligent Self-Organization<\/p>\n<\/div>\n<\/li>\n<li class=\"li li-2\">\n<div class=\"img\">\n<div class=\"abs line1\"><\/div>\n<div class=\"abs line2\"><\/div>\n<div class=\"abs stop\">\n<div class=\"abs line3\"><\/div>\n<\/div>\n<div class=\"abs start\">\n<div class=\"abs line3-red\"><\/div>\n<div class=\"abs line4\"><\/div>\n<div class=\"abs xxx\"><\/div>\n<\/div>\n<div class=\"abs cover\"><\/div>\n<p class=\"desc1 new\">Self-Healing<\/p>\n<\/div>\n<\/li>\n<\/ul>\n<\/div>\n<\/section>\n<section class=\"g\">\n<div class=\"w-container\">\n<div class=\"text\">\n<h2>Always Stay Smooth with Fast Roaming<sup>\u00a7<\/sup><\/h2>\n<p>Ensures customers to enjoy uninterrupted streaming when moving around by switching clients automatically to the access points with the optimal signal.<\/p>\n<\/div>\n<\/div>\n<p><video class=\"video\" src=\"https:\/\/static-product.tp-link.com\/eap650_v1\/img\/Seamless-Roaming.mp4\" autoplay=\"autoplay\" loop=\"loop\" muted=\"\" width=\"300\" height=\"150\" data-mce-fragment=\"1\"><\/video><\/section>\n<section class=\"k\">\n<div class=\"w-container\">\n<div class=\"text\">\n<h2>Ultra-Slim Design Brings More Agility<\/h2>\n<p>Exceptional performance with compact design ensures simple WiFi installation while saving space. The elegant appearance makes EAP650 perfectly blend into any modern office, hotel, classroom, or caf\u00e9.<\/p>\n<\/div>\n<\/div>\n<div class=\"img\"><img decoding=\"async\" src=\"https:\/\/static-product.tp-link.com\/eap650_v1\/img\/k.png\" \/><\/p>\n<p class=\"desc desc1\">33.6mm<\/p>\n<p class=\"desc desc2\">160mm<\/p>\n<p class=\"desc desc3\">54mm<\/p>\n<p class=\"desc desc4\">86mm<\/p>\n<\/div>\n<\/section>\n<section class=\"h\"><video class=\"video\" src=\"https:\/\/static-product.tp-link.com\/eap650_v1\/img\/mount.mp4\" loop=\"loop\" muted=\"\" width=\"300\" height=\"150\" data-mce-fragment=\"1\"><\/video><\/p>\n<div class=\"w-container\">\n<div class=\"text\">\n<h2>Easy to Mount with Refined Industrial Design<\/h2>\n<ul>\n<li class=\"number li-1\">\n<p class=\"icon\">1<\/p>\n<\/li>\n<li class=\"desc li-2\">Push up<\/li>\n<li class=\"number li-3\">\n<p class=\"icon\">2<\/p>\n<\/li>\n<li class=\"desc li-4\">Rotate to lock\n<p class=\"light\">Ceiling \/ Wall \/ Junction Box Mounting (Kits included)<\/p>\n<\/li>\n<\/ul>\n<\/div>\n<\/div>\n<\/section>\n<section class=\"i\">\n<div class=\"header\">\n<h2>Boosted Network Security and Efficiency<\/h2>\n<\/div>\n<div class=\"content\">\n<h3>Security<\/h3>\n<ul class=\"security\">\n<li class=\"li-1\">\n<div class=\"icon\"><\/div>\n<p class=\"title\">Secure Guest Network with Up to 16 SSIDs<\/p>\n<p class=\"desc\">Guest network access provides enhanced security to guests. Different SSIDs also enable flexible access management.<\/p>\n<\/li>\n<li class=\"li-2\">\n<div class=\"icon\"><\/div>\n<p class=\"title\">Boost Business with Facebook WiFi and SMS Login<\/p>\n<p class=\"desc\">Captive portal (including SMS, Facebook Wi-Fi, Voucher) and 802.1x authentication help maintain authorized guests to use the network. Boost your business with a customized marketing page.<sup>\u00a7<\/sup><\/p>\n<p class=\"link\"><a href=\"https:\/\/www.tp-link.com\/uk\/business-networking\/solution\/wifi-marketing\/\">Learn More about WiFi Marketing\u00a0&gt;&gt;<\/a><\/p>\n<\/li>\n<li class=\"li-3\">\n<div class=\"icon\"><\/div>\n<p class=\"title\">WPA3 for Worry-Free Open Public Networks<\/p>\n<p class=\"desc\">With advanced enterprise security, WPA3 provides more data security for previously unsecured and open WiFi hotspots.<\/p>\n<p class=\"link\">\n<\/li>\n<\/ul>\n<h3>Efficiency<\/h3>\n<ul class=\"efficiency\">\n<li class=\"li-1\">\n<div class=\"icon\"><\/div>\n<p class=\"title\">Band Steering<\/p>\n<p class=\"desc\">Automatically moves dual band devices onto the wider 5GHz band for faster connections.<\/p>\n<\/li>\n<li class=\"li-2\">\n<div class=\"icon\"><\/div>\n<p class=\"title\">Load Balance<\/p>\n<p class=\"desc\">Ensures large numbers of users have smooth network experiences in high-density business networks<\/p>\n<\/li>\n<li class=\"li-3\">\n<div class=\"icon\"><\/div>\n<p class=\"title\">Airtime Fairness<\/p>\n<\/li>\n<\/ul>\n<\/div>\n<\/section>\n<\/div>\n<\/div>\n<\/div>\n<\/div>\n<div id=\"div_highlights_note\" class=\"product-highlights-note\">\n<div class=\"tp-container\">\n<div class=\"tp-container-inner\">\n<div class=\"product-highlights-note-box\">\n<p><strong>Specification<\/strong>:<\/p>\n<\/div>\n<table>\n<thead>\n<tr id=\"tr_603\">\n<th colspan=\"2\"><a>HARDWARE FEATURES<\/a><\/th>\n<\/tr>\n<\/thead>\n<tbody>\n<tr id=\"tr_694\">\n<th width=\"35%\">Interface<\/th>\n<td width=\"65%\">1\u00d7 Gigabit Ethernet (RJ-45) Port (supports IEEE802.3at PoE)<\/td>\n<\/tr>\n<tr id=\"tr_695\">\n<th width=\"35%\">Button<\/th>\n<td width=\"65%\">Reset<\/td>\n<\/tr>\n<tr id=\"tr_1111\">\n<th width=\"35%\">Power Supply<\/th>\n<td width=\"65%\">\u2022 802.3at PoE<br \/>\n\u2022 12 V \/ 1.0 A DC (EU), 12 V \/ 1.5 A DC (US)<br \/>\n\u2022 48V Passive PoE<\/td>\n<\/tr>\n<tr id=\"tr_1083\">\n<th width=\"35%\">Power Consumption<\/th>\n<td width=\"65%\">\u2022 EU: 13.5 W<br \/>\n\u2022 US: 14.7 W<\/td>\n<\/tr>\n<tr id=\"tr_697\">\n<th width=\"35%\">Dimensions ( W x D x H )<\/th>\n<td width=\"65%\">6.3 \u00d7 6.3 \u00d7 1.3 in (160 \u00d7 160 \u00d7 33.6 mm)<\/td>\n<\/tr>\n<tr id=\"tr_1056\">\n<th width=\"35%\">Antenna Type<\/th>\n<td width=\"65%\">Internal Omni<br \/>\n\u2022 2.4 GHz: 2\u00d7 4 dBi<br \/>\n\u2022 5 GHz: 2\u00d7 5 dBi<\/td>\n<\/tr>\n<tr id=\"tr_4029\">\n<th width=\"35%\">Mounting<\/th>\n<td width=\"65%\">\u2022 Ceiling \/Wall Mounting (Kits included)<br \/>\n\u2022 Junction Box Mounting<\/td>\n<\/tr>\n<\/tbody>\n<\/table>\n<table>\n<thead>\n<tr id=\"tr_604\">\n<th colspan=\"2\"><a>WIRELESS FEATURES<\/a><\/th>\n<\/tr>\n<\/thead>\n<tbody>\n<tr id=\"tr_1058\">\n<th width=\"35%\">Wireless Standards<\/th>\n<td width=\"65%\">IEEE 802.11ax\/ac\/n\/g\/b\/a<\/td>\n<\/tr>\n<tr id=\"tr_698\">\n<th width=\"35%\">Frequency<\/th>\n<td width=\"65%\">2.4 GHz and 5 GHz<\/td>\n<\/tr>\n<tr id=\"tr_699\">\n<th width=\"35%\">Signal Rate<\/th>\n<td width=\"65%\">\u2022 5 GHz: Up to 2402 Mbps<br \/>\n\u2022 2.4 GHz: Up to 574 Mbps<\/td>\n<\/tr>\n<tr id=\"tr_703\">\n<th width=\"35%\">Wireless Functions<\/th>\n<td width=\"65%\">\u2022 1024-QAM<br \/>\n\u2022 4\u00d7 Longer OFDM Symbol<br \/>\n\u2022 OFDMA<br \/>\n\u2022 Multiple SSIDs (Up to 16 SSIDs, 8 for each band)<br \/>\n\u2022 Enable\/Disable Wireless Radio<br \/>\n\u2022 Automatic Channel Assignment<br \/>\n\u2022 Transmit Power Control (Adjust Transmit Power on dBm)<br \/>\n\u2022 QoS(WMM)<br \/>\n\u2022 MU-MIMO<br \/>\n\u2022 HE160 (160 MHz Bandwidth)<sup>\u2021<\/sup><br \/>\n\u2022 Seamless Roaming\u00a0<sup>\u00a7<\/sup><br \/>\n\u2022 Omada Mesh<sup>\u00a7<\/sup><br \/>\n\u2022 Band Steering<br \/>\n\u2022 Load Balance<br \/>\n\u2022 Airtime Fairness<br \/>\n\u2022 Beamforming<br \/>\n\u2022 Rate Limit<br \/>\n\u2022 Reboot Schedule<br \/>\n\u2022 Wireless Schedule<br \/>\n\u2022 Wireless Statistics based on SSID\/AP\/Client<\/td>\n<\/tr>\n<tr id=\"tr_704\">\n<th width=\"35%\">Wireless Security<\/th>\n<td width=\"65%\">\u2022 Captive Portal Authentication<sup>\u00a7<\/sup><br \/>\n\u2022 Access Control<br \/>\n\u2022 Wireless Mac Address Filtering<br \/>\n\u2022 Wireless Isolation Between Clients<br \/>\n\u2022 SSID to VLAN Mapping<br \/>\n\u2022 Rogue AP Detection<br \/>\n\u2022 802.1X Support<br \/>\n\u2022 WPA-Personal\/Enterprise, WPA2-Personal\/Enterprise, WPA3-Personal\/Enterprise<\/td>\n<\/tr>\n<tr id=\"tr_2853\">\n<th width=\"35%\">Transmission Power<\/th>\n<td width=\"65%\">\u2022 CE:<br \/>\n&lt;20 dBm(2.4 GHz, EIRP)<br \/>\n&lt;23 dBm(5 GHz, Band1 &amp; Band2, EIRP)<br \/>\n&lt;30 dBm(5 GHz, Band3, EIRP)<\/p>\n<p>\u2022 FCC:<br \/>\n&lt;25 dBm (2.4 GHz)<br \/>\n&lt;25 dBm (5 GHz)<\/td>\n<\/tr>\n<\/tbody>\n<\/table>\n<table>\n<thead>\n<tr id=\"tr_1626\">\n<th colspan=\"2\"><a>MANAGEMENT<\/a><\/th>\n<\/tr>\n<\/thead>\n<tbody>\n<tr id=\"tr_5862\">\n<th width=\"35%\">Omada App<\/th>\n<td width=\"65%\">Yes<\/td>\n<\/tr>\n<tr id=\"tr_5842\">\n<th width=\"35%\">Centralized Management<\/th>\n<td width=\"65%\">\u2022 Omada Hardware Controller (OC300)<br \/>\n\u2022 Omada Hardware Controller (OC200)<br \/>\n\u2022 Omada Software Controller<br \/>\n\u2022 Omada Cloud-Based Controller<\/td>\n<\/tr>\n<tr id=\"tr_5844\">\n<th width=\"35%\">Cloud Access<\/th>\n<td width=\"65%\">Yes (Through OC300, OC200, Omada Software Controller, or Omada Cloud-Based Controller)<\/td>\n<\/tr>\n<tr id=\"tr_4039\">\n<th width=\"35%\">Email Alerts<\/th>\n<td width=\"65%\">Yes<\/td>\n<\/tr>\n<tr id=\"tr_4032\">\n<th width=\"35%\">LED ON\/OFF Control<\/th>\n<td width=\"65%\">Yes<\/td>\n<\/tr>\n<tr id=\"tr_4033\">\n<th width=\"35%\">Management MAC Access Control<\/th>\n<td width=\"65%\">Yes<\/td>\n<\/tr>\n<tr id=\"tr_4037\">\n<th width=\"35%\">SNMP<\/th>\n<td width=\"65%\">v1, v2c, v3<\/td>\n<\/tr>\n<tr id=\"tr_4038\">\n<th width=\"35%\">System Logging Local\/Remote Syslog<\/th>\n<td width=\"65%\">Local\/Remote Syslog<\/td>\n<\/tr>\n<tr id=\"tr_5863\">\n<th width=\"35%\">SSH<\/th>\n<td width=\"65%\">Yes<\/td>\n<\/tr>\n<tr id=\"tr_4034\">\n<th width=\"35%\">Web-based Management<\/th>\n<td width=\"65%\">HTTP\/HTTPS<\/td>\n<\/tr>\n<tr id=\"tr_5456\">\n<th width=\"35%\">L3 Management<\/th>\n<td width=\"65%\">Yes<\/td>\n<\/tr>\n<tr id=\"tr_5457\">\n<th width=\"35%\">Multi-site Management<\/th>\n<td width=\"65%\">Yes<\/td>\n<\/tr>\n<tr id=\"tr_5708\">\n<th width=\"35%\">Management VLAN<\/th>\n<td width=\"65%\">Yes<\/td>\n<\/tr>\n<tr id=\"tr_5975\">\n<th width=\"35%\">Zero-Touch Provisioning<\/th>\n<td width=\"65%\">Yes. Requiring the use of Omada Cloud-Based Controller.<\/td>\n<\/tr>\n<\/tbody>\n<\/table>\n<table>\n<thead>\n<tr id=\"tr_606\">\n<th colspan=\"2\"><a>OTHERS<\/a><\/th>\n<\/tr>\n<\/thead>\n<tbody>\n<tr id=\"tr_714\">\n<th width=\"35%\">Certification<\/th>\n<td width=\"65%\">CE, FCC, RoHS<\/td>\n<\/tr>\n<tr id=\"tr_715\">\n<th width=\"35%\">Package Contents<\/th>\n<td width=\"65%\">\u2022 EAP650<br \/>\n\u2022 Power Adapter<br \/>\n\u2022 Ceiling\/Wall Mounting Kits<br \/>\n\u2022 Installation Guide<\/td>\n<\/tr>\n<tr id=\"tr_716\">\n<th width=\"35%\">System Requirements<\/th>\n<td width=\"65%\">Microsoft Windows XP, Vista, Windows 7, Windows 8, Windows10, Windows 11, Linux<\/td>\n<\/tr>\n<tr id=\"tr_717\">\n<th width=\"35%\">Environment<\/th>\n<td width=\"65%\">\u2022 Operating Temperature: 0\u201340 \u2103 (32\u2013104 \u2109)<br \/>\n\u2022 Storage Temperature: -40\u201370 \u2103 (-40\u2013158 \u2109)<br \/>\n\u2022 Operating Humidity: 10\u201390% RH non-condensing<br \/>\n\u2022 Storage Humidity: 5\u201390% RH non-condensing<\/td>\n<\/tr>\n<\/tbody>\n<\/table>\n<\/div>\n<\/div>\n<\/div>\n","protected":false},"excerpt":{"rendered":"<div class=\"box title\">\n<div>\n<h2 class=\"product-name\">EAP650<\/h2>\n<\/div>\n<h1>AX3000 Ceiling Mount WiFi 6 Access Point<\/h1>\n<\/div>\n<div class=\"box highlights\">\n<ul>\n<li><strong>Ultra-Fast WiFi 6 Speeds:<\/strong>\u00a0Simultaneous 574 Mbps on 2.4 GHz and 2402 Mbps on 5 GHz totals 2976 Mbps WiFi speeds.<sup>\u2020<\/sup><\/li>\n<li><strong>High-Efficiency WiFi 6<\/strong>: More connected devices can enjoy faster speeds.<\/li>\n<li><strong>Centralized Cloud Management<\/strong>: Omada SDN integration manages the whole network locally or from the cloud via web UI or Omada app.<\/li>\n<li><strong>160 MHz Channel<\/strong>: Double the data at peak transmission times on a single stream with HE160.<sup>\u2021<\/sup><\/li>\n<li><strong>Seamless Roaming<\/strong>: Video streams and voice calls are unaffected as users move between locations.<sup>\u00a7<\/sup><\/li>\n<li><strong>Omada Mesh:<\/strong>\u00a0Enables wireless connectivity between access points for extended range and flexible deployment.<sup>\u00a7<\/sup><\/li>\n<li><strong>PoE+ Powered<\/strong>: Supports both 802.3at PoE+ and DC (adapter included) power supply for flexible installations.<\/li>\n<li><strong>Ultra-Slim Design<\/strong>: \u03a6160 mm \u00d7 33.6 mm elegant design brings more agility.<\/li>\n<\/ul>\n<\/div>\n","protected":false},"featured_media":2149,"template":"","meta":[],"product_brand":[],"product_cat":[23],"product_tag":[],"class_list":{"0":"post-196","1":"product","2":"type-product","3":"status-publish","4":"has-post-thumbnail","6":"product_cat-access-points","7":"thunk-woo-product-list","8":"opn-qv-enable","9":"top-store-woo-hover-none","10":"top-store-single-product-tab-horizontal","11":"top-store-shadow-","12":"top-store-shadow-hover-","14":"first","15":"instock","16":"taxable","17":"shipping-taxable","18":"purchasable","19":"product-type-simple"},"_links":{"self":[{"href":"https:\/\/tplinksg.com\/index.php\/wp-json\/wp\/v2\/product\/196","targetHints":{"allow":["GET"]}}],"collection":[{"href":"https:\/\/tplinksg.com\/index.php\/wp-json\/wp\/v2\/product"}],"about":[{"href":"https:\/\/tplinksg.com\/index.php\/wp-json\/wp\/v2\/types\/product"}],"wp:featuredmedia":[{"embeddable":true,"href":"https:\/\/tplinksg.com\/index.php\/wp-json\/wp\/v2\/media\/2149"}],"wp:attachment":[{"href":"https:\/\/tplinksg.com\/index.php\/wp-json\/wp\/v2\/media?parent=196"}],"wp:term":[{"taxonomy":"product_brand","embeddable":true,"href":"https:\/\/tplinksg.com\/index.php\/wp-json\/wp\/v2\/product_brand?post=196"},{"taxonomy":"product_cat","embeddable":true,"href":"https:\/\/tplinksg.com\/index.php\/wp-json\/wp\/v2\/product_cat?post=196"},{"taxonomy":"product_tag","embeddable":true,"href":"https:\/\/tplinksg.com\/index.php\/wp-json\/wp\/v2\/product_tag?post=196"}],"curies":[{"name":"wp","href":"https:\/\/api.w.org\/{rel}","templated":true}]}}