{"id":195,"date":"2023-05-29T04:35:51","date_gmt":"2023-05-29T04:35:51","guid":{"rendered":"https:\/\/tplinksg.com\/?post_type=product&#038;p=195"},"modified":"2025-09-05T09:06:45","modified_gmt":"2025-09-05T01:06:45","slug":"tp-link-eap-620hd-ax1800-wifi6-omada-ap-eap-620hd","status":"publish","type":"product","link":"https:\/\/tplinksg.com\/index.php\/product\/tp-link-eap-620hd-ax1800-wifi6-omada-ap-eap-620hd\/","title":{"rendered":"TP-Link EAP 620HD AX1800 WIFI6 OMADA AP EAP 620HD"},"content":{"rendered":"<section class=\"a\">\n<div class=\"w-container\">\n<div class=\"text\"><img decoding=\"async\" class=\"wifi6 m-hide\" src=\"https:\/\/static-product.tp-link.com\/eap620-hd_v3\/img\/wifi6.png\" \/><\/p>\n<h2>High Performing<br \/>\nAX1800 Wireless for<br \/>\nHigh-Density Environments<\/h2>\n<p class=\"model\"><img decoding=\"async\" class=\"omada\" src=\"https:\/\/static-product.tp-link.com\/eap620-hd_v3\/img\/omada.png\" alt=\"Omada\" \/>EAP620\u00a0<span class=\"hd\">HD<\/span><\/p>\n<p class=\"link regular\">\n<\/div>\n<\/div>\n<\/section>\n<section class=\"b\">\n<ul>\n<li class=\"li-1\">\n<div class=\"icon\"><\/div>\n<div class=\"text\">\n<p class=\"title\">High-Density Connectivity<\/p>\n<p class=\"desc\">4\u00d7 increased capacity versus WiFi 5<sup>\u2021<\/sup><\/p>\n<\/div>\n<\/li>\n<li class=\"li-2\">\n<div class=\"icon\"><\/div>\n<div class=\"text\">\n<p class=\"title\">AX1800 WiFi 6 Speed<\/p>\n<p class=\"desc\">1201 Mbps on 5 GHz + 574 Mbps on 2.4 GHz<sup>\u2020<\/sup><\/p>\n<\/div>\n<\/li>\n<li class=\"li-3\">\n<div class=\"icon\"><\/div>\n<div class=\"text\">\n<p class=\"title\">Centralized Cloud Management<\/p>\n<p class=\"desc\">Manage the whole network locally or from the cloud<sup>\u25b3<\/sup><\/p>\n<\/div>\n<\/li>\n<li class=\"li-4\">\n<div class=\"icon\"><\/div>\n<div class=\"text\">\n<p class=\"title\">Auto Channel Selection and Power Adjustment<sup>\u00a7<\/sup><\/p>\n<p class=\"desc\">Optimize overall performance by reducing WiFi interference<\/p>\n<\/div>\n<\/li>\n<li class=\"li-5\">\n<div class=\"icon\"><\/div>\n<div class=\"text\">\n<p class=\"title\">Omada Mesh Technology<\/p>\n<p class=\"desc\">More flexible and convenient wireless deployment<sup>\u25b3<\/sup><\/p>\n<\/div>\n<\/li>\n<li class=\"li-6\">\n<div class=\"icon\"><\/div>\n<div class=\"text\">\n<p class=\"title\">Seamless Roaming<\/p>\n<p class=\"desc\">Uninterrupted streaming when moving between APs<sup>\u25b3<\/sup><\/p>\n<\/div>\n<\/li>\n<li class=\"li-7\">\n<div class=\"icon\"><\/div>\n<div class=\"text\">\n<p class=\"title\">Ultra-Slim Design<\/p>\n<p class=\"desc\">\u03a6160 mm \u00d7 33.6 mm elegant design brings more agility<\/p>\n<\/div>\n<\/li>\n<li class=\"li-8\">\n<div class=\"icon\"><\/div>\n<div class=\"text\">\n<p class=\"title\">Flexible Power Supply<\/p>\n<p class=\"desc\">Supports DC (adapter included),\u00a0802.3at PoE+, and Passive PoE\u00a0for flexible installations<\/p>\n<\/div>\n<\/li>\n<li class=\"li-9\">\n<div class=\"icon\"><\/div>\n<div class=\"text\">\n<p class=\"title\">Optimized WiFi Performance<\/p>\n<p class=\"desc\">With Portal Authentication, MU-MIMO, Band Steering, Airtime Fairness, and Load Balance<\/p>\n<\/div>\n<\/li>\n<\/ul>\n<\/section>\n<section class=\"c\">\n<div class=\"w-container\">\n<div class=\"text\">\n<h2>High-Density Connectivity with 4\u00d7 Increased Capacity<\/h2>\n<p>OFDMA* and\u00a0MU-MIMO** increase network capacity by up to 4\u00d7 versus Wi-Fi 5 (802.11ac) in high-density environments to connect more devices simultaneously<sup>\u2021<\/sup>. Leverage multi-user capabilities and upgrade your business like never before.<\/p>\n<p class=\"link\">\n<\/div>\n<\/div>\n<div class=\"icons\"><span class=\"icon icon1 icon-pic\"><i>\u00a0<\/i><\/span><span class=\"icon icon2 icon-phone\"><i>\u00a0<\/i><\/span><span class=\"icon icon3 icon-video\"><i>\u00a0<\/i><\/span><span class=\"icon icon4 icon-video\"><i>\u00a0<\/i><\/span><span class=\"icon icon5 icon-music\"><i>\u00a0<\/i><\/span><span class=\"icon icon6 icon-pc\"><i>\u00a0<\/i><\/span><span class=\"icon icon7 icon-phone\"><i>\u00a0<\/i><\/span><span class=\"icon icon8 icon-camera\"><i>\u00a0<\/i><\/span><span class=\"icon icon9 icon-video\"><i>\u00a0<\/i><\/span><span class=\"icon icon10 icon-pc\"><i>\u00a0<\/i><\/span><span class=\"icon icon11 icon-video\"><i>\u00a0<\/i><\/span><span class=\"icon icon-mimo\">MU-MIMO<\/span><span class=\"icon icon-ofdma\">OFDMA<\/span><\/div>\n<\/section>\n<section class=\"d\">\n<div class=\"w-container\">\n<ul>\n<li><i class=\"icon icon-hospitality\">\u00a0<\/i>\n<p class=\"large\">Hospitality<\/p>\n<p>High Quality and Full Coverage Wi-Fi<\/li>\n<li><i class=\"icon icon-restaurant\">\u00a0<\/i>\n<p class=\"large\">Restaurant<\/p>\n<p>Full Wi-Fi Coverage<br class=\"m-hide\" \/>in High-Density<br class=\"m-hide\" \/>Environment<\/li>\n<li><i class=\"icon icon-mall\">\u00a0<\/i>\n<p class=\"large\">Shopping Mall<\/p>\n<p>Social Marketing<br class=\"m-hide\" \/>for O2O<\/li>\n<li><i class=\"icon icon-meeting\">\u00a0<\/i>\n<p class=\"large\">Meeting Room<\/p>\n<p>Wireless and Wired<br class=\"m-hide\" \/>Connections for<br class=\"m-hide\" \/>dense usage<\/li>\n<li><i class=\"icon icon-station\">\u00a0<\/i>\n<p class=\"large\">Railway Station<\/p>\n<p>High-Density Wi-Fi<\/li>\n<\/ul>\n<\/div>\n<\/section>\n<section class=\"e \">\n<div class=\"w-container\">\n<div class=\"text\">\n<h2>Advanced Wi-Fi Speed with 4 Spatial Streams<\/h2>\n<p>The Omada Wi-Fi 6 Access Point features the latest 802.11ax technologies like 1024 QAM and Long OFDM Symbol, which allows the EAP to boost overall speeds up to 1775 Mbps (1201 Mbps on a 5 GHz band and 574 Mbps on a 2.4 GHz band)<sup>\u2020<\/sup>. With 4\u00a0spatial streams, multi-user throughput is incredibly increased to drive more applications.<\/p>\n<p class=\"link\">\n<\/div>\n<div class=\"compare\">\n<div class=\"qam\">\n<h4 class=\"regular\">1024 QAM<\/h4>\n<p>25% more data<br \/>\nencoded at one time<\/p>\n<\/div>\n<div class=\"ofdm\">\n<h4 class=\"regular\">Long OFDM Symbol<\/h4>\n<p>11% faster speed<\/p>\n<\/div>\n<\/div>\n<div class=\"range range1\">\n<p class=\"type\">5GHz<\/p>\n<div class=\"ac\"><span class=\"name\">2 Stream 802.11ac<\/span>\u00a0<span class=\"bar\">\u00a0<\/span>\u00a0<span class=\"mbps\">867Mbps<\/span><\/div>\n<div class=\"ax\"><span class=\"name\">2 Stream 802.11ax<\/span>\u00a0<span class=\"bar\">\u00a0<\/span>\u00a0<span class=\"mbps\">1201Mbps<\/span><\/div>\n<\/div>\n<div class=\"range range2\">\n<p class=\"type\">2.4GHz<\/p>\n<div class=\"ac\"><span class=\"name\">2 Stream 802.11n\u00a0<\/span><span class=\"bar\">\u00a0<\/span>\u00a0<span class=\"mbps\">300Mbps<\/span><\/div>\n<div class=\"ax\"><span class=\"name\">2 Stream 802.11ax<\/span>\u00a0<span class=\"bar\">\u00a0<\/span>\u00a0<span class=\"mbps\">574Mbps<\/span><\/div>\n<\/div>\n<\/div>\n<\/section>\n<section class=\"f\">\n<div class=\"w-container\">\n<div class=\"text\">\n<h2>Seamless Integration into Omada SDN<\/h2>\n<p>The Omada Software Defined Networking (SDN) platform integrates network devices, including access points, switches, and routers. It provides 100% centralized cloud management and creates a highly scalable network controlled from a single interface.<\/p>\n<p class=\"extra\">\n<\/div>\n<\/div>\n<ul class=\"features\">\n<li class=\"li li-1\">\n<div class=\"icon\"><\/div>\n<div class=\"info\">\n<p class=\"text\">Hardware, Software, or Cloud-Based Controllers<\/p>\n<\/div>\n<\/li>\n<li class=\"li li-2\">\n<div class=\"icon\"><\/div>\n<div class=\"info\">\n<p class=\"text\">Centralized Cloud Management<\/p>\n<\/div>\n<\/li>\n<li class=\"li li-3\">\n<div class=\"icon\"><\/div>\n<div class=\"info\">\n<p class=\"text\">Intelligent Monitoring<\/p>\n<\/div>\n<\/li>\n<li class=\"li li-4\">\n<div class=\"icon\"><\/div>\n<div class=\"info\">\n<p class=\"text\">Zero-Touch Provisioning (ZTP)<sup>\u00a7<\/sup><\/p>\n<\/div>\n<\/li>\n<\/ul>\n<div class=\"img\">\n<div class=\"height\"><\/div>\n<p class=\"internet m-hide\">Internet<\/p>\n<p class=\"access\">Cloud Access<\/p>\n<p class=\"b1\">WiFi 6 Ceiling Mount AP EAP620 HD<\/p>\n<p class=\"b2\">Wall Plate AP<\/p>\n<p class=\"b3\">Outdoor AP<\/p>\n<p class=\"b4\">JetStream PoE Switch<\/p>\n<p class=\"b5\">Omada VPN Router<\/p>\n<p class=\"m1\">Web Browser<\/p>\n<p class=\"m2\">Omada App<\/p>\n<p class=\"r1\">Omada Hardware Controller<\/p>\n<p class=\"or\">Or<\/p>\n<p class=\"r2\">Omada Software Controller<\/p>\n<\/div>\n<\/section>\n<section class=\"j\">\n<div class=\"w-container\">\n<div class=\"text\">\n<h2>Auto Channel Selection and Power Adjustment to Optimize Overall Performance<sup>\u00a7<\/sup><\/h2>\n<p>Provides powerful wireless performance while significantly reducing WiFi interference by automatically adjusting the channel settings and transmission power levels of neighboring APs in the same network.<\/p>\n<\/div>\n<ul class=\"lists\">\n<li class=\"li-1\">\n<h3>Before Optimization<\/h3>\n<p><img decoding=\"async\" src=\"https:\/\/static-product.tp-link.com\/eap620-hd_v3\/img\/j1.png\" alt=\"Before Optimization\" \/><\/p>\n<div class=\"info\">\n<div class=\"desc desc1\">Channel 1<\/div>\n<div class=\"desc desc2\">Channel 1<\/div>\n<div class=\"desc desc3\">Channel 4<\/div>\n<\/div>\n<\/li>\n<li class=\"li-2\">\n<h3>After Optimization<\/h3>\n<p><img decoding=\"async\" src=\"https:\/\/static-product.tp-link.com\/eap620-hd_v3\/img\/j2.png\" alt=\"After Optimization\" \/><\/p>\n<div class=\"info\">\n<div class=\"desc desc1\">Channel 1<\/div>\n<div class=\"desc desc2\">Channel 11<\/div>\n<div class=\"desc desc3\">Channel 6<\/div>\n<\/div>\n<\/li>\n<\/ul>\n<\/div>\n<\/section>\n<section class=\"k\">\n<div class=\"w-container\">\n<div class=\"text\">\n<h2>Easy Deployment &amp; Higher Performance by Omada Mesh<sup>\u00a0\u25b3<\/sup><\/h2>\n<h3>Easy Pairing, Less Wiring<\/h3>\n<p>With Mesh technology, Omada EAPs save you from extra wires by wirelessly extending your WiFi signal further and more flexibly to hard-to-wire areas.<\/p>\n<\/div>\n<ul class=\"pair\">\n<li class=\"li li-1\"><img decoding=\"async\" src=\"https:\/\/static-product.tp-link.com\/eap620-hd_v3\/img\/k11.png\" \/>\n<p class=\"desc2\">Traditional Wired Networking<\/p>\n<\/li>\n<li class=\"li li-2\"><img decoding=\"async\" src=\"https:\/\/static-product.tp-link.com\/eap620-hd_v3\/img\/k12.png\" \/>\n<p class=\"desc1 new\">Mesh Wireless Networking<\/p>\n<\/li>\n<\/ul>\n<div class=\"text\">\n<h3>Optimized Network Performance<\/h3>\n<p>Intelligent self-organization optimizes the best path between EAPs while self-healing ensures you stay online even when one AP is disrupted.<\/p>\n<\/div>\n<ul class=\"network\">\n<li class=\"li li-1\">\n<div class=\"img\">\n<div class=\"abs line1\"><\/div>\n<div class=\"abs line2\"><\/div>\n<div class=\"abs start1\">\n<div class=\"abs line3\"><\/div>\n<\/div>\n<div class=\"abs start2\">\n<div class=\"abs cover1\"><\/div>\n<\/div>\n<div class=\"abs cover2\"><\/div>\n<p class=\"desc2 new\">Intelligent Self-Organization<\/p>\n<\/div>\n<\/li>\n<li class=\"li li-2\">\n<div class=\"img\">\n<div class=\"abs line1\"><\/div>\n<div class=\"abs line2\"><\/div>\n<div class=\"abs stop\">\n<div class=\"abs line3\"><\/div>\n<\/div>\n<div class=\"abs start\">\n<div class=\"abs line3-red\"><\/div>\n<div class=\"abs line4\"><\/div>\n<div class=\"abs xxx\"><\/div>\n<\/div>\n<div class=\"abs cover\"><\/div>\n<p class=\"desc1 new\">Self-Healing<\/p>\n<\/div>\n<\/li>\n<\/ul>\n<\/div>\n<\/section>\n<section class=\"g\">\n<div class=\"w-container\">\n<div class=\"text\">\n<h2>Stay Smooth with Seamless Roaming<\/h2>\n<p>802.11k\/v roaming switches clients automatically to the AP with the optimal signal with a seamless transition when moving<sup>\u25b3<\/sup>. This allows sensitive applications like VoIP and video conferences to go uninterrupted.<\/p>\n<\/div>\n<\/div>\n<p><img decoding=\"async\" src=\"https:\/\/static-product.tp-link.com\/eap620-hd_v3\/img\/Seamless-Roaming.gif\" alt=\"Seamless-Romaing\" \/><\/section>\n<section class=\"l\">\n<div class=\"w-container\">\n<div class=\"text\">\n<h2>Ultra-Slim Design Brings More Agility<\/h2>\n<p>Exceptional performance with compact design ensures simple WiFi installation while saving space. The elegant appearance makes EAP620 HD perfectly blend into any modern office, hotel, classroom, or caf\u00e9.<\/p>\n<\/div>\n<ul class=\"lists\">\n<li class=\"li li-1\"><img decoding=\"async\" src=\"https:\/\/static-product.tp-link.com\/eap620-hd_v3\/img\/l1.png\" \/>\n<p class=\"desc desc1\">160mm<\/p>\n<p class=\"desc desc2\">33.6mm<\/p>\n<\/li>\n<li class=\"li li-2\"><img decoding=\"async\" src=\"https:\/\/static-product.tp-link.com\/eap620-hd_v3\/img\/l2.png\" \/>\n<p class=\"desc desc1\">86mm<\/p>\n<p class=\"desc desc2\">54mm<\/p>\n<\/li>\n<\/ul>\n<\/div>\n<\/section>\n<section class=\"h\">\n<div class=\"w-container\">\n<div class=\"text\">\n<h2>Easy to Mount with Refined Industrial Design<\/h2>\n<ul>\n<li class=\"number li-1\">\n<p class=\"icon\">1<\/p>\n<\/li>\n<li class=\"desc li-2\">Push up<\/li>\n<li class=\"number li-3\">\n<p class=\"icon\">2<\/p>\n<\/li>\n<li class=\"desc li-4\">Rotate to lock\n<p class=\"light\">Ceiling \/ Wall \/ Junction Box Mounting (Kits included)<\/p>\n<\/li>\n<\/ul>\n<\/div>\n<\/div>\n<\/section>\n<section class=\"i\">\n<div class=\"header\">\n<h2>Boosted Network Security and Efficiency<\/h2>\n<\/div>\n<div class=\"content\">\n<h3>Security<\/h3>\n<ul class=\"security\">\n<li class=\"li-1\">\n<div class=\"icon\"><\/div>\n<p class=\"title\">Secure Guest Network with Up to 16 SSIDs<\/p>\n<p class=\"desc\">Guest network access provides enhanced security to guests. Different SSIDs also enable flexible access management.<\/p>\n<\/li>\n<li class=\"li-2\">\n<div class=\"icon\"><\/div>\n<p class=\"title\">Boost Business with Facebook WiFi and SMS Login<\/p>\n<p class=\"desc\">Captive portal (including SMS, Facebook WiFi, Voucher) and 802.1x authentication help ensure that only authorized users have network access. Boost your business with a customized marketing page<sup>\u25b3<\/sup>.<\/p>\n<p class=\"link\">\n<\/li>\n<li class=\"li-3\">\n<div class=\"icon\"><\/div>\n<p class=\"title\">WPA3 for Worry-Free Open Public Networks<\/p>\n<p class=\"desc\">With advanced enterprise security, WPA3 provides more data security for previously unsecured and open WiFi hotspots.<\/p>\n<\/li>\n<\/ul>\n<h3>Efficiency<\/h3>\n<ul class=\"efficiency\">\n<li class=\"li-1\">\n<div class=\"icon\"><\/div>\n<p class=\"title\">Band Steering<\/p>\n<p class=\"desc\">Automatically moves dual band devices onto the wider 5GHz band for faster connections.<\/p>\n<\/li>\n<li class=\"li-2\">\n<div class=\"icon\"><\/div>\n<p class=\"title\">Load Balance<\/p>\n<p class=\"desc\">Ensures large numbers of users have smooth network experiences in high-density business networks.<\/p>\n<\/li>\n<li class=\"li-3\">\n<div class=\"icon\"><\/div>\n<p class=\"title\">Airtime Fairness<\/p>\n<p class=\"desc\">Increases average network throughput in heavily congested environments.<\/p>\n<\/li>\n<\/ul>\n<p>Specification:<\/p>\n<\/div>\n<table>\n<thead>\n<tr id=\"tr_603\">\n<th colspan=\"2\"><a>HARDWARE FEATURES<\/a><\/th>\n<\/tr>\n<\/thead>\n<tbody>\n<tr id=\"tr_694\">\n<th width=\"35%\">Interface<\/th>\n<td width=\"65%\">1\u00d7 Gigabit Ethernet (RJ-45) Port (supports IEEE802.3at PoE and Passive PoE)<\/td>\n<\/tr>\n<tr id=\"tr_695\">\n<th width=\"35%\">Button<\/th>\n<td width=\"65%\">Reset<\/td>\n<\/tr>\n<tr id=\"tr_1111\">\n<th width=\"35%\">Power Supply<\/th>\n<td width=\"65%\">\u2022 802.3at PoE<br \/>\n\u2022 48 V Passive PoE<br \/>\n\u2022 12 V \/ 1.5 A DC<\/td>\n<\/tr>\n<tr id=\"tr_1083\">\n<th width=\"35%\">Power Consumption<\/th>\n<td width=\"65%\">\u2022 EU: 14.4 W (For PoE); 13.1 W (for DC)<br \/>\n\u2022 US: 14.9 W (For PoE); 13.4 W (for DC)<\/td>\n<\/tr>\n<tr id=\"tr_697\">\n<th width=\"35%\">Dimensions ( W x D x H )<\/th>\n<td width=\"65%\">6.3 \u00d7 6.3 \u00d7 1.3 in (160 \u00d7 160 \u00d7 33.6 mm)<\/td>\n<\/tr>\n<tr id=\"tr_1056\">\n<th width=\"35%\">Antenna Type<\/th>\n<td width=\"65%\">Internal Omni Antenna<br \/>\n\u2022 2.4 GHz: 2\u00d7 4 dBi<br \/>\n\u2022 5 GHz: 2\u00d7 5 dBi<\/td>\n<\/tr>\n<tr id=\"tr_4029\">\n<th width=\"35%\">Mounting<\/th>\n<td width=\"65%\">\u2022 Ceiling \/Wall Mounting (Kits included)<br \/>\n\u2022 Junction Box Mounting<\/td>\n<\/tr>\n<\/tbody>\n<\/table>\n<table>\n<thead>\n<tr id=\"tr_604\">\n<th colspan=\"2\"><a>WIRELESS FEATURES<\/a><\/th>\n<\/tr>\n<\/thead>\n<tbody>\n<tr id=\"tr_1058\">\n<th width=\"35%\">Wireless Standards<\/th>\n<td width=\"65%\">IEEE 802.11ax\/ac\/n\/g\/b\/a<\/td>\n<\/tr>\n<tr id=\"tr_698\">\n<th width=\"35%\">Frequency<\/th>\n<td width=\"65%\">2.4 GHz and 5 GHz<\/td>\n<\/tr>\n<tr id=\"tr_699\">\n<th width=\"35%\">Signal Rate<\/th>\n<td width=\"65%\">\u2022 5 GHz: Up to 1201 Mbps<sup>\u2020<\/sup><br \/>\n\u2022 2.4 GHz: Up to 574 Mbps<sup>\u2020<\/sup><\/td>\n<\/tr>\n<tr id=\"tr_703\">\n<th width=\"35%\">Wireless Functions<\/th>\n<td width=\"65%\">\u2022 1024-QAM<br \/>\n\u2022 4\u00d7 Longer OFDM Symbol<br \/>\n\u2022 OFDMA<br \/>\n\u2022 Multiple SSIDs (Up to 16 SSIDs, 8 for each band)<br \/>\n\u2022 Enable\/Disable Wireless Radio<br \/>\n\u2022 Automatic Channel Assignment<br \/>\n\u2022 Transmit Power Control (Adjust Transmit Power on dBm)<br \/>\n\u2022 QoS(WMM)<br \/>\n\u2022 MU-MIMO<br \/>\n\u2022 Seamless Roaming<sup>\u25b3<\/sup><br \/>\n\u2022 Omada Mesh<sup>\u25b3<\/sup><br \/>\n\u2022 Band Steering<br \/>\n\u2022 Load Balance<br \/>\n\u2022 Airtime Fairness<br \/>\n\u2022 Beamforming<br \/>\n\u2022 Rate Limit<br \/>\n\u2022 Reboot Schedule<br \/>\n\u2022 Wireless Schedule<br \/>\n\u2022 Wireless Statistics based on SSID\/AP\/Client<\/td>\n<\/tr>\n<tr id=\"tr_704\">\n<th width=\"35%\">Wireless Security<\/th>\n<td width=\"65%\">\u2022 Captive Portal Authentication<sup>\u25b3<\/sup><br \/>\n\u2022 Access Control<br \/>\n\u2022 Wireless Mac Address Filtering<br \/>\n\u2022 Wireless Isolation Between Clients<br \/>\n\u2022 SSID to VLAN Mapping<br \/>\n\u2022 Rogue AP Detection<br \/>\n\u2022 802.1X Support<br \/>\n\u2022 WEP, WPA-Personal\/Enterprise, WPA2-Personal\/Enterprise, WPA3-Personal\/Enterprise<\/td>\n<\/tr>\n<tr id=\"tr_2853\">\n<th width=\"35%\">Transmission Power<\/th>\n<td width=\"65%\">\u2022 CE:<br \/>\n&lt;20 dBm(2.4 GHz, EIRP)<br \/>\n&lt;23 dBm(5 GHz band1\/2, EIRP) &lt;25 dBm (5 GHz band3)<\/p>\n<p>\u2022 FCC:<br \/>\n&lt;25 dBm (2.4 GHz)<br \/>\n&lt;25 dBm (5 GHz)<\/td>\n<\/tr>\n<\/tbody>\n<\/table>\n<table>\n<thead>\n<tr id=\"tr_1626\">\n<th colspan=\"2\"><a>MANAGEMENT<\/a><\/th>\n<\/tr>\n<\/thead>\n<tbody>\n<tr id=\"tr_5862\">\n<th width=\"35%\">Omada App<\/th>\n<td width=\"65%\">Yes<\/td>\n<\/tr>\n<tr id=\"tr_5842\">\n<th width=\"35%\">Centralized Management<\/th>\n<td width=\"65%\">\u2022 Omada Cloud-Based Controller (Supported by EAP620 HD v2.0 and above)<br \/>\n\u2022 Omada Hardware Controller OC300<br \/>\n\u2022 Omada Hardware Controller OC200<br \/>\n\u2022 Omada Software Controller<\/td>\n<\/tr>\n<tr id=\"tr_5844\">\n<th width=\"35%\">Cloud Access<\/th>\n<td width=\"65%\">Yes, through<br \/>\n\u2022 OC300<br \/>\n\u2022 OC200<br \/>\n\u2022 Omada Software Controller<br \/>\n\u2022 Omada Cloud-Based Controller (Supported by EAP620 HD v2.0 and above)<\/td>\n<\/tr>\n<tr id=\"tr_4039\">\n<th width=\"35%\">Email Alerts<\/th>\n<td width=\"65%\">Yes<\/td>\n<\/tr>\n<tr id=\"tr_4032\">\n<th width=\"35%\">LED ON\/OFF Control<\/th>\n<td width=\"65%\">Yes<\/td>\n<\/tr>\n<tr id=\"tr_4033\">\n<th width=\"35%\">Management MAC Access Control<\/th>\n<td width=\"65%\">Yes<\/td>\n<\/tr>\n<tr id=\"tr_4037\">\n<th width=\"35%\">SNMP<\/th>\n<td width=\"65%\">v1, v2c, v3<\/td>\n<\/tr>\n<tr id=\"tr_4038\">\n<th width=\"35%\">System Logging Local\/Remote Syslog<\/th>\n<td width=\"65%\">Local\/Remote Syslog<\/td>\n<\/tr>\n<tr id=\"tr_5863\">\n<th width=\"35%\">SSH<\/th>\n<td width=\"65%\">Yes<\/td>\n<\/tr>\n<tr id=\"tr_4034\">\n<th width=\"35%\">Web-based Management<\/th>\n<td width=\"65%\">HTTP\/HTTPS<\/td>\n<\/tr>\n<tr id=\"tr_5456\">\n<th width=\"35%\">L3 Management<\/th>\n<td width=\"65%\">Yes<\/td>\n<\/tr>\n<tr id=\"tr_5457\">\n<th width=\"35%\">Multi-site Management<\/th>\n<td width=\"65%\">Yes<\/td>\n<\/tr>\n<tr id=\"tr_5708\">\n<th width=\"35%\">Management VLAN<\/th>\n<td width=\"65%\">Yes<\/td>\n<\/tr>\n<tr id=\"tr_5975\">\n<th width=\"35%\">Zero-Touch Provisioning<\/th>\n<td width=\"65%\">Yes. Requiring the use of Omada Cloud-Based Controller (Supported by EAP620 HD v2.0 and above)<\/td>\n<\/tr>\n<\/tbody>\n<\/table>\n<table>\n<thead>\n<tr id=\"tr_606\">\n<th colspan=\"2\"><a>OTHERS<\/a><\/th>\n<\/tr>\n<\/thead>\n<tbody>\n<tr id=\"tr_714\">\n<th width=\"35%\">Certification<\/th>\n<td width=\"65%\">CE, FCC, RoHS<\/td>\n<\/tr>\n<tr id=\"tr_715\">\n<th width=\"35%\">Package Contents<\/th>\n<td width=\"65%\">\u2022 EAP620 HD<br \/>\n\u2022 Power Adapter<br \/>\n\u2022 Ceiling \/ Wall Mounting Kits<br \/>\n\u2022 Installation Guide<\/td>\n<\/tr>\n<tr id=\"tr_716\">\n<th width=\"35%\">System Requirements<\/th>\n<td width=\"65%\">Microsoft Windows XP, Vista, Windows 7, Windows 8, Windows10, Windows11, Linux<\/td>\n<\/tr>\n<tr id=\"tr_717\">\n<th width=\"35%\">Environment<\/th>\n<td width=\"65%\">\u2022 Operating Temperature: 0\u201340 \u2103 (32\u2013104 \u2109)<br \/>\n\u2022 Storage Temperature: -40\u201370 \u2103 (-40\u2013158 \u2109)<br \/>\n\u2022 Operating Humidity: 10\u201390% RH non-condensing<br \/>\n\u2022 Storage Humidity: 5\u201390% RH non-condensing<\/td>\n<\/tr>\n<\/tbody>\n<\/table>\n<\/section>\n","protected":false},"excerpt":{"rendered":"<div class=\"box title\">\n<h1>AX1800 Ceiling Mount WiFi 6 Access Point<\/h1>\n<\/div>\n<div class=\"box highlights\">\n<ul>\n<li><b>Ultra-Fast WiFi 6 Speeds<\/b>:\u00a0Simultaneous 574 Mbps on 2.4 GHz and 1201 Mbps on 5 GHz totals 1775 Mbps Wi-Fi speeds.<sup>\u2020<\/sup><\/li>\n<li><strong>High-Density Connectivity<\/strong>: 4\u00d7 increased capacity to connect more devices simultaneously.<sup>\u2021<\/sup><\/li>\n<li><strong>Integrated into Omada SDN<\/strong>: Zero-Touch Provisioning (ZTP)<sup>\u00a7<\/sup>, Centralized Cloud Management, and Intelligent Monitoring.<\/li>\n<li><strong>Centralized Management<\/strong>: Cloud access and Omada app for ultra convenience and easy management.<\/li>\n<li><strong>Ultra-Slim Design<\/strong>: \u03a6160 mm \u00d7 33.6 mm elegant design brings more agility.<\/li>\n<li><strong>Seamless Roaming<\/strong>: Even video streams and voice calls are unaffected as users move between locations.<sup>\u25b3<\/sup><\/li>\n<li><strong>Omada Mesh<\/strong>: Enables wireless connectivity between access points for extended range and flexible deployment.<sup>\u25b3<\/sup><\/li>\n<li><strong>PoE+ Powered<\/strong>: Supports DC (adapter included), 802.3at PoE+, and Passive PoE for flexible installations.<\/li>\n<li><strong>Secure Guest Network<\/strong>: Along with multiple authentication options (SMS\/Facebook Wi-Fi\/ Voucher, etc.) and abundant wireless security technologies<\/li>\n<\/ul>\n<\/div>\n","protected":false},"featured_media":2157,"template":"","meta":[],"product_brand":[],"product_cat":[23],"product_tag":[],"class_list":{"0":"post-195","1":"product","2":"type-product","3":"status-publish","4":"has-post-thumbnail","6":"product_cat-access-points","7":"thunk-woo-product-list","8":"opn-qv-enable","9":"top-store-woo-hover-none","10":"top-store-single-product-tab-horizontal","11":"top-store-shadow-","12":"top-store-shadow-hover-","14":"first","15":"outofstock","16":"taxable","17":"shipping-taxable","18":"purchasable","19":"product-type-simple"},"_links":{"self":[{"href":"https:\/\/tplinksg.com\/index.php\/wp-json\/wp\/v2\/product\/195","targetHints":{"allow":["GET"]}}],"collection":[{"href":"https:\/\/tplinksg.com\/index.php\/wp-json\/wp\/v2\/product"}],"about":[{"href":"https:\/\/tplinksg.com\/index.php\/wp-json\/wp\/v2\/types\/product"}],"wp:featuredmedia":[{"embeddable":true,"href":"https:\/\/tplinksg.com\/index.php\/wp-json\/wp\/v2\/media\/2157"}],"wp:attachment":[{"href":"https:\/\/tplinksg.com\/index.php\/wp-json\/wp\/v2\/media?parent=195"}],"wp:term":[{"taxonomy":"product_brand","embeddable":true,"href":"https:\/\/tplinksg.com\/index.php\/wp-json\/wp\/v2\/product_brand?post=195"},{"taxonomy":"product_cat","embeddable":true,"href":"https:\/\/tplinksg.com\/index.php\/wp-json\/wp\/v2\/product_cat?post=195"},{"taxonomy":"product_tag","embeddable":true,"href":"https:\/\/tplinksg.com\/index.php\/wp-json\/wp\/v2\/product_tag?post=195"}],"curies":[{"name":"wp","href":"https:\/\/api.w.org\/{rel}","templated":true}]}}