{"id":186,"date":"2023-05-29T04:11:13","date_gmt":"2023-05-29T04:11:13","guid":{"rendered":"https:\/\/tplinksg.com\/?post_type=product&#038;p=186"},"modified":"2023-07-27T06:57:31","modified_gmt":"2023-07-27T06:57:31","slug":"tp-link-eap230-wall-mu-mimo-ac1200-dual-band-wall-socket-eap230-wall","status":"publish","type":"product","link":"https:\/\/tplinksg.com\/index.php\/product\/tp-link-eap230-wall-mu-mimo-ac1200-dual-band-wall-socket-eap230-wall\/","title":{"rendered":"TP-Link EAP230 Wall MU MIMO, AC1200, Dual Band Wall Socket | EAP230 Wall"},"content":{"rendered":"<section class=\"a section\">\n<div class=\"w1150 clearfix\">\n<div class=\"text\">\n<h2 class=\"bold title\">Unprecedented Thin Design with 11mm<\/h2>\n<div class=\"title-append\"><img decoding=\"async\" class=\"logo-omada\" src=\"https:\/\/www.tp-link.com\/assets\/images\/product\/eap230-wall_v1_1\/img\/omada.png\" alt=\"Omada\" \/><\/p>\n<div class=\"model medium\">EAP230-Wall<\/div>\n<div class=\"ac-point medium\">AC Access Point<\/div>\n<\/div>\n<\/div>\n<\/div>\n<div class=\"w1150 feature-wrapper\">\n<div class=\"text\">\n<ul class=\"feature light\">\n<li class=\"mu\">Simultaneous Dual-Band Multi-User MIMO<\/li>\n<li class=\"poe\">802.3af\/802.3at PoE Compatibility<\/li>\n<\/ul>\n<\/div>\n<\/div>\n<\/section>\n<section class=\"b section\">\n<div class=\"w1366\">\n<div class=\"text\">\n<h2 class=\"regular\">Private Connection for Every Room.<\/h2>\n<p class=\"light\">EAP230-Wall is designed to meet every network need in environments with numerous separated rooms, like hotels, offices, and dormitories. A device in each room ensures an exclusive, high-speed Wi-Fi connection for every user.<\/p>\n<\/div>\n<\/div>\n<\/section>\n<section class=\"c section\">\n<div class=\"bg-text t-center\">\n<div class=\"without\">Without\u00a0<span class=\"nowrap\">MU-MIMO<\/span><\/div>\n<div class=\"with\">With\u00a0<span class=\"nowrap\">MU-MIMO<\/span><\/div>\n<\/div>\n<div class=\"w1366 clearfix\">\n<div class=\"text right\">\n<h2 class=\"regular\">MU-MIMO + Dual-Band: Faster Connection for More Devices<\/h2>\n<p class=\"light\">802.11ac wave 2 technology allows multiple users to access the internet at the same time. Speeds up to 1200 Mbps and 2.4 GHz and 5 GHz wireless bands deliver simultaneous high-speed internet access to various devices.<sup>\u2020<\/sup><\/p>\n<div class=\"speed table regular\">\n<div class=\"tr g5\">\n<div class=\"td d-1\">5GHz<\/div>\n<div class=\"td progress\"><span class=\"bar\">\u00a0<\/span>\u00a0867Mbps<\/div>\n<\/div>\n<div class=\"tr g2\">\n<div class=\"td d-1\">2.4GHz<\/div>\n<div class=\"td progress\"><span class=\"bar\">\u00a0<\/span>\u00a0300Mbps<\/div>\n<\/div>\n<\/div>\n<\/div>\n<\/div>\n<\/section>\n<section class=\"d section\">\n<div class=\"bg-text\">\n<div class=\"center-block\">\n<div class=\"mm\">86mm<\/div>\n<\/div>\n<\/div>\n<div class=\"w1366\">\n<div class=\"text\">\n<h2 class=\"regular\">Seamlessly Blends with any D\u00e9cor<\/h2>\n<p><span class=\"mask\">\u00a0<\/span>The same size and shape as a light switch or power outlet faceplate to fit in perfectly in any room.<\/p>\n<\/div>\n<\/div>\n<\/section>\n<section class=\"e section\">\n<div class=\"bg-text\">\n<div class=\"center-block regular front\">\n<div class=\"text-front\">Front Gigabit Port<\/div>\n<\/div>\n<div class=\"center-block regular back\">\n<div class=\"text-back\">Back Gigabit Port<\/div>\n<\/div>\n<\/div>\n<div class=\"w1366\">\n<div class=\"text t-center\">\n<h2 class=\"regular\">High-Speed Gigabit Port<\/h2>\n<p>Equipped with a Gigabit port to deliver the fastest possible wired transmission.<\/p>\n<\/div>\n<\/div>\n<\/section>\n<section class=\"f section\">\n<div class=\"bg-text\">\n<div class=\"switch t-center\">TP-Link PoE Switch<\/div>\n<\/div>\n<div class=\"w1366\">\n<div class=\"text t-left\">\n<h2 class=\"regular\">Effortless Deployment with Power over Ethernet<\/h2>\n<p>802.3af\/802.3at PoE support means there\u2019s no need for extra wiring. Plug in existing Ethernet cables to transmit both power and data to your APs.<\/p>\n<\/div>\n<\/div>\n<\/section>\n<section class=\"g section\">\n<div class=\"video\"><\/div>\n<div class=\"w1366\">\n<div class=\"text t-left\">\n<h2 class=\"regular\">Quick, Simple Installation<\/h2>\n<ul class=\"pa\">\n<li>1.Detach and remove the faceplate of the junction box.<\/li>\n<li>2.Plug an Ethernet cable in to the port.<\/li>\n<li>3.Secure the Access Point to the wall using the provided screws.<\/li>\n<li>4.Press the faceplate back into position.<\/li>\n<\/ul>\n<div class=\"extra\">\n<div class=\"desc\">*Fits two kinds of junction boxes<\/div>\n<ul>\n<li class=\"item item-1\">\n<div class=\"img\"><\/div>\n<div class=\"item-text\">86 mm wall junction box<\/div>\n<\/li>\n<li class=\"item item-2\">\n<div class=\"img\"><\/div>\n<div class=\"item-text\">Standard EU wall junction box<\/div>\n<\/li>\n<\/ul>\n<\/div>\n<\/div>\n<\/div>\n<\/section>\n<section class=\"section-smartcloud\">\n<div class=\"w1500\">\n<div class=\"text\">\n<h2 class=\"regular\">Omada SDN\u2014Smarter Cloud Solution for Business Networking<\/h2>\n<p>Omada Software Defined Networking (SDN) platform integrates network devices including access points, switches and gateways, guaranteeing powerful business network with higher efficiency, higher security, and higher reliability.<\/p>\n<p class=\"link\"><a href=\"https:\/\/www.tp-link.com\/uk\/business-networking\/wall-plate-ap\/eap230-wall\/\" target=\"_blank\" rel=\"noopener\">Learn more about Omada SDN &gt;&gt;<\/a><\/p>\n<\/div>\n<\/div>\n<div class=\"extra\">\n<div class=\"img img-1\">\n<div class=\"inner\">\n<div class=\"bg-text\">\n<div class=\"des des-1\">Wi-Fi 6 AP for High-Density Environments<\/div>\n<div class=\"des des-2\">Ceiling Mount AP<\/div>\n<div class=\"des des-3\">Wall-Plate AP EAP230-Wall<\/div>\n<div class=\"des des-4\">Outdoor AP<\/div>\n<div class=\"des des-5\">JetStream PoE Switches<\/div>\n<div class=\"des des-7\">SafeStream Security Gateway<\/div>\n<div class=\"des des-8\">Cloud Access<\/div>\n<div class=\"des des-cloud\">\n<div class=\"cloud-inner\">Omada<br \/>\n<span class=\"nowrap\">Cloud-Based<\/span>\u00a0Controller<\/div>\n<\/div>\n<\/div>\n<\/div>\n<\/div>\n<div class=\"note w1500\">\n<div class=\"note-container\">\n<div class=\"text note-text\">\n<p><b class=\"note-title\">Hassle-Free Centralized Cloud Management:<\/b><br \/>\n100% centralized cloud management of whole network from different sites\u2014all controlled from a single interface anywhere, anytime.<\/p>\n<\/div>\n<\/div>\n<\/div>\n<\/div>\n<\/section>\n<section id=\"omada-app\">\n<div class=\"omada-wrap\">\n<div class=\"text\">\n<h2 class=\"m-regular\">Easy Management with the Omada App<\/h2>\n<p class=\"desc\">Follow configuration instructions on the free Omada app to get set up in minutes. Omada lets you configure settings, monitor the network status and manage clients, all from the convenience of a smart phone or tablet.<\/p>\n<\/div>\n<p><strong>Specification<\/strong>:<\/p>\n<\/div>\n<table>\n<thead>\n<tr id=\"tr_603\">\n<th colspan=\"2\"><a>HARDWARE FEATURES<\/a><\/th>\n<\/tr>\n<\/thead>\n<tbody>\n<tr id=\"tr_694\">\n<th width=\"35%\">Interface<\/th>\n<td width=\"65%\">\u2022 Uplink: 1\u00d7 10\/100\/1000 Mbps Ethernet Port<br \/>\n\u2022 Downlink: 1\u00d7 10\/100\/1000 Mbps Ethernet Port<\/td>\n<\/tr>\n<tr id=\"tr_4027\">\n<th width=\"35%\">Physical Security Lock<\/th>\n<td width=\"65%\">No<\/td>\n<\/tr>\n<tr id=\"tr_695\">\n<th width=\"35%\">Button<\/th>\n<td width=\"65%\">LED\/Wi-Fi Button, RESET<\/td>\n<\/tr>\n<tr id=\"tr_1111\">\n<th width=\"35%\">Power Supply<\/th>\n<td width=\"65%\">802.3af\/802.3at PoE<\/td>\n<\/tr>\n<tr id=\"tr_1083\">\n<th width=\"35%\">Power Consumption<\/th>\n<td width=\"65%\">7 W<\/td>\n<\/tr>\n<tr id=\"tr_697\">\n<th width=\"35%\">Dimensions ( W x D x H )<\/th>\n<td width=\"65%\">3.4 \u00d7 3.4 \u00d7 1.2 in (86.8 \u00d7 86.8 \u00d7 30.2 mm)<\/td>\n<\/tr>\n<tr id=\"tr_5743\">\n<th width=\"35%\">Dimensions<\/th>\n<td width=\"65%\">3.4 \u00d7 3.4 \u00d7 1.2 in (86.8 \u00d7 86.8 \u00d7 30.2 mm)<\/td>\n<\/tr>\n<tr id=\"tr_696\">\n<th width=\"35%\">Antenna<\/th>\n<td width=\"65%\">2 Dual-Band Antennas<br \/>\n\u2022 2.4 GHz: 2\u00d7 4 dBi<br \/>\n\u2022 5 GHz: 2\u00d7 3.6 dBi<\/td>\n<\/tr>\n<tr id=\"tr_4029\">\n<th width=\"35%\">Mounting<\/th>\n<td width=\"65%\">Wall Plate Mounting<\/td>\n<\/tr>\n<tr id=\"tr_5752\">\n<th width=\"35%\">Hardware Watch Dog<\/th>\n<td width=\"65%\">Yes<\/td>\n<\/tr>\n<\/tbody>\n<\/table>\n<table>\n<thead>\n<tr id=\"tr_604\">\n<th colspan=\"2\"><a>WIRELESS FEATURES<\/a><\/th>\n<\/tr>\n<\/thead>\n<tbody>\n<tr id=\"tr_6217\">\n<th width=\"35%\">Wireless Client Capacity<\/th>\n<td width=\"65%\">200+*<\/td>\n<\/tr>\n<tr id=\"tr_1058\">\n<th width=\"35%\">Wireless Standards<\/th>\n<td width=\"65%\">IEEE 802.11n\/g\/b\/ac<\/td>\n<\/tr>\n<tr id=\"tr_698\">\n<th width=\"35%\">Frequency<\/th>\n<td width=\"65%\">2.4 GHz and 5 GHz<\/td>\n<\/tr>\n<tr id=\"tr_699\">\n<th width=\"35%\">Signal Rate<\/th>\n<td width=\"65%\">\u2022 5 GHz: Up to 867 Mbps<br \/>\n\u2022 2.4 GHz: Up to 300 Mbps<\/td>\n<\/tr>\n<tr id=\"tr_703\">\n<th width=\"35%\">Wireless Functions<\/th>\n<td width=\"65%\">\u2022 16 SSIDs (Up to 8 SSIDs on each band)<br \/>\n\u2022 Enable\/Disable Wireless Radio<br \/>\n\u2022 Automatic Channel Assignment<br \/>\n\u2022 Transmit Power Control (Adjust Transmit Power on dBm)<br \/>\n\u2022 QoS(WMM)<br \/>\n\u2022 Load Balance<br \/>\n\u2022 Rate Limit<br \/>\n\u2022 Reboot Schedule<br \/>\n\u2022 Wireless Schedule<br \/>\n\u2022 Wireless Statistics based on SSID\/AP\/Client<br \/>\n\u2022 MU-MIMO<br \/>\n\u2022 Band Steering<br \/>\n\u2022 Beamforming<\/td>\n<\/tr>\n<tr id=\"tr_704\">\n<th width=\"35%\">Wireless Security<\/th>\n<td width=\"65%\">\u2022 Captive Portal Authentication<br \/>\n\u2022 Access Control<br \/>\n\u2022 Wireless Mac Address Filtering<br \/>\n\u2022 Wireless Isolation Between Clients<br \/>\n\u2022 SSID to VLAN Mapping<br \/>\n\u2022 Local LAN port based VLAN<br \/>\n\u2022 Rogue AP Detection<br \/>\n\u2022 802.1X Support<br \/>\n\u2022 64\/128\/152-bit WEP \/ WPA \/ WPA2-Enterprise, WPA-PSK \/ WPA2-PSK<\/td>\n<\/tr>\n<tr id=\"tr_2853\">\n<th width=\"35%\">Transmission Power<\/th>\n<td width=\"65%\">CE:<br \/>\n\u2022 \u226420 dBm (2.4 GHz, EIRP)<br \/>\n\u2022 \u226423 dBm (5 GHz, EIRP)<\/td>\n<\/tr>\n<\/tbody>\n<\/table>\n<table>\n<thead>\n<tr id=\"tr_1626\">\n<th colspan=\"2\"><a>MANAGEMENT<\/a><\/th>\n<\/tr>\n<\/thead>\n<tbody>\n<tr id=\"tr_5862\">\n<th width=\"35%\">Omada App<\/th>\n<td width=\"65%\">Yes<\/td>\n<\/tr>\n<tr id=\"tr_5842\">\n<th width=\"35%\">Centralized Management<\/th>\n<td width=\"65%\">\u2022 Omada Cloud-Based Controller<br \/>\n\u2022 Omada Hardware Controller (OC300)<br \/>\n\u2022 Omada Hardware Controller (OC200)<br \/>\n\u2022 Omada Software Controller<\/td>\n<\/tr>\n<tr id=\"tr_5844\">\n<th width=\"35%\">Cloud Access<\/th>\n<td width=\"65%\">Yes (Through OC300, OC200, Omada Cloud-Based Controller, or Omada Software Controller)<\/td>\n<\/tr>\n<tr id=\"tr_4039\">\n<th width=\"35%\">Email Alerts<\/th>\n<td width=\"65%\">Yes<\/td>\n<\/tr>\n<tr id=\"tr_4032\">\n<th width=\"35%\">LED ON\/OFF Control<\/th>\n<td width=\"65%\">Yes<\/td>\n<\/tr>\n<tr id=\"tr_4033\">\n<th width=\"35%\">Management MAC Access Control<\/th>\n<td width=\"65%\">Yes<\/td>\n<\/tr>\n<tr id=\"tr_4037\">\n<th width=\"35%\">SNMP<\/th>\n<td width=\"65%\">v1,v2c<\/td>\n<\/tr>\n<tr id=\"tr_4038\">\n<th width=\"35%\">System Logging Local\/Remote Syslog<\/th>\n<td width=\"65%\">Local\/Remote Syslog<\/td>\n<\/tr>\n<tr id=\"tr_5863\">\n<th width=\"35%\">SSH<\/th>\n<td width=\"65%\">Yes<\/td>\n<\/tr>\n<tr id=\"tr_4034\">\n<th width=\"35%\">Web-based Management<\/th>\n<td width=\"65%\">HTTP\/HTTPS<\/td>\n<\/tr>\n<tr id=\"tr_5456\">\n<th width=\"35%\">L3 Management<\/th>\n<td width=\"65%\">Yes<\/td>\n<\/tr>\n<tr id=\"tr_5457\">\n<th width=\"35%\">Multi-site Management<\/th>\n<td width=\"65%\">Yes<\/td>\n<\/tr>\n<tr id=\"tr_5708\">\n<th width=\"35%\">Management VLAN<\/th>\n<td width=\"65%\">Yes<\/td>\n<\/tr>\n<tr id=\"tr_5975\">\n<th width=\"35%\">Zero-Touch Provisioning<\/th>\n<td width=\"65%\">Yes. Requiring the use of Omada Cloud-Based Controller.<\/td>\n<\/tr>\n<\/tbody>\n<\/table>\n<table>\n<thead>\n<tr id=\"tr_606\">\n<th colspan=\"2\"><a>OTHERS<\/a><\/th>\n<\/tr>\n<\/thead>\n<tbody>\n<tr id=\"tr_714\">\n<th width=\"35%\">Certification<\/th>\n<td width=\"65%\">CE, RoHS<\/td>\n<\/tr>\n<tr id=\"tr_715\">\n<th width=\"35%\">Package Contents<\/th>\n<td width=\"65%\">\u2022 Omada AC1200 Wireless MU-MIMO Gigabit Wall-Plate Access Point EAP230-Wall<br \/>\n\u2022 Installation Guide<br \/>\n\u2022 Mounting Screw<\/td>\n<\/tr>\n<tr id=\"tr_716\">\n<th width=\"35%\">System Requirements<\/th>\n<td width=\"65%\">Microsoft Windows XP, Vista, Windows 7, Windows 8, Windows10<\/td>\n<\/tr>\n<tr id=\"tr_717\">\n<th width=\"35%\">Environment<\/th>\n<td width=\"65%\">\u2022 Operating Temperature: 0\u201340 \u2103 (32\u2013104 \u2109)<br \/>\n\u2022 Storage Temperature: -40\u201370 \u2103 (-40\u2013158 \u2109)<br \/>\n\u2022 Operating Humidity: 10\u201390% RH non-condensing<br \/>\n\u2022 Storage Humidity: 5\u201390% RH non-condensing<\/td>\n<\/tr>\n<\/tbody>\n<\/table>\n<\/section>\n","protected":false},"excerpt":{"rendered":"<div class=\"box title\">\n<div>\n<h2 class=\"product-name\">EAP230-Wall<\/h2>\n<\/div>\n<h1>Omada AC1200 Wireless MU-MIMO Gigabit Wall-Plate Access Point<\/h1>\n<\/div>\n<div class=\"box highlights\">\n<ul>\n<li><b>Fast Dual-Band Wi-Fi<\/b>: Simultaneous 300 Mbps on 2.4 GHz and 867\u00a0Mbps on 5 GHz totals 1,167 Mbps Wi-Fi speeds with MU-MIMO.<sup>\u2020<\/sup><\/li>\n<li><strong>Gigabit\u00a0Ports<\/strong>: 2 Gigabit Ethernet ports\u00a0(1\u00d7 uplink + 1\u00d7 downlink).<\/li>\n<li><strong>Integrated into Omada SDN<\/strong>: Zero-Touch Provisioning (ZTP)<sup>\u2021<\/sup>, Centralized Cloud Management, and Intelligent Monitoring.<\/li>\n<li><strong>Centralized Management<\/strong>: Cloud access and Omada app for ultra convenience and easy management.<\/li>\n<li><strong>Private Connection for Every Room<\/strong>: Designed to meet every network need in environments with numerous separated rooms, like hotels, offices, and dormitories.<\/li>\n<li><strong>Elegant Appearance<\/strong>: Unprecedented thin design with just 11 mm, the same size and shape as a light switch or power outlet faceplate to fit\u00a0perfectly in any room.<\/li>\n<li><strong>Easy Installation and PoE Support<\/strong>: Easy-mount construction, compatible with 86 mm &amp; EU\u00a0standard junction box, and 802.3af\/at PoE support.<\/li>\n<li><strong>Secure Guest Network<\/strong>: Along with multiple authentication options (SMS\/Facebook Wi-Fi\/ Voucher, etc.) and abundant wireless security technologies.<\/li>\n<\/ul>\n<\/div>\n","protected":false},"featured_media":2196,"template":"","meta":[],"product_brand":[],"product_cat":[23],"product_tag":[],"class_list":{"0":"post-186","1":"product","2":"type-product","3":"status-publish","4":"has-post-thumbnail","6":"product_cat-access-points","7":"thunk-woo-product-list","8":"opn-qv-enable","9":"top-store-woo-hover-none","10":"top-store-single-product-tab-horizontal","11":"top-store-shadow-","12":"top-store-shadow-hover-","14":"first","15":"outofstock","16":"taxable","17":"shipping-taxable","18":"purchasable","19":"product-type-simple"},"_links":{"self":[{"href":"https:\/\/tplinksg.com\/index.php\/wp-json\/wp\/v2\/product\/186","targetHints":{"allow":["GET"]}}],"collection":[{"href":"https:\/\/tplinksg.com\/index.php\/wp-json\/wp\/v2\/product"}],"about":[{"href":"https:\/\/tplinksg.com\/index.php\/wp-json\/wp\/v2\/types\/product"}],"wp:featuredmedia":[{"embeddable":true,"href":"https:\/\/tplinksg.com\/index.php\/wp-json\/wp\/v2\/media\/2196"}],"wp:attachment":[{"href":"https:\/\/tplinksg.com\/index.php\/wp-json\/wp\/v2\/media?parent=186"}],"wp:term":[{"taxonomy":"product_brand","embeddable":true,"href":"https:\/\/tplinksg.com\/index.php\/wp-json\/wp\/v2\/product_brand?post=186"},{"taxonomy":"product_cat","embeddable":true,"href":"https:\/\/tplinksg.com\/index.php\/wp-json\/wp\/v2\/product_cat?post=186"},{"taxonomy":"product_tag","embeddable":true,"href":"https:\/\/tplinksg.com\/index.php\/wp-json\/wp\/v2\/product_tag?post=186"}],"curies":[{"name":"wp","href":"https:\/\/api.w.org\/{rel}","templated":true}]}}